{"id":255,"date":"2021-06-17T14:12:47","date_gmt":"2021-06-17T11:12:47","guid":{"rendered":"http:\/\/www.pilimodpilise.com\/?page_id=255"},"modified":"2021-08-08T15:06:08","modified_gmt":"2021-08-08T12:06:08","slug":"plikase","status":"publish","type":"page","link":"https:\/\/www.pilimodpilise.com\/index.php\/plikase\/","title":{"rendered":"Plika\u015fe"},"content":{"rendered":"\n<section class=\"wp-block-themeisle-blocks-advanced-columns alignfull has-1-columns has-desktop-equal-layout has-tablet-equal-layout has-mobile-equal-layout has-nogap-gap has-vertical-flex-start\" id=\"wp-block-themeisle-blocks-advanced-columns-310ecdaf\"><div class=\"wp-block-themeisle-blocks-advanced-columns-overlay\"><\/div><div class=\"innerblocks-wrap\">\n<div class=\"wp-block-themeisle-blocks-advanced-column\" id=\"wp-block-themeisle-blocks-advanced-column-3f09d510\">\n<section class=\"wp-block-themeisle-blocks-advanced-columns alignfull has-1-columns has-desktop-equal-layout has-tablet-equal-layout has-mobile-equal-layout has-nogap-gap has-vertical-center\" id=\"wp-block-themeisle-blocks-advanced-columns-e2fbf685\"><div class=\"wp-block-themeisle-blocks-advanced-columns-overlay\"><\/div><div class=\"innerblocks-wrap\">\n<div class=\"wp-block-themeisle-blocks-advanced-column\" id=\"wp-block-themeisle-blocks-advanced-column-8812ea5d\">\n<div class=\"wp-block-cover\"><img loading=\"lazy\" width=\"820\" height=\"490\" class=\"wp-block-cover__image-background wp-image-546\" alt=\"\" src=\"http:\/\/www.pilimodpilise.com\/wp-content\/uploads\/2021\/07\/pilikase.jpg\" style=\"object-position:38% 2%\" data-object-fit=\"cover\" data-object-position=\"38% 2%\" srcset=\"https:\/\/www.pilimodpilise.com\/wp-content\/uploads\/2021\/07\/pilikase.jpg 820w, https:\/\/www.pilimodpilise.com\/wp-content\/uploads\/2021\/07\/pilikase-300x179.jpg 300w, https:\/\/www.pilimodpilise.com\/wp-content\/uploads\/2021\/07\/pilikase-768x459.jpg 768w\" sizes=\"(max-width: 820px) 100vw, 820px\" \/><div class=\"wp-block-cover__inner-container\">\n<p class=\"has-text-align-center animated fadeInDown\" style=\"font-size:68px\"><\/p>\n<\/div><\/div>\n\n\n\n<div style=\"height:41px\" aria-hidden=\"true\" class=\"wp-block-spacer\"><\/div>\n\n\n\n<p class=\"has-text-align-center has-white-color has-text-color\">Resimlerde g\u00fcr\u00fcld\u00fc\u011f\u00fc \u00fczere D\u00fcz Plisede oldu\u011fu gibi sadecetek tarafa de\u011fil, her iki tarafa da katlanmak suretiyle elde edilen pliseye PL\u0130KA\u015eE PL\u0130SE denir. Piyasada bu t\u00fcr pliseye sadece Plika\u015fe de\u011fil BEYMEN PL\u0130SE veya KANUN PL\u0130SE de denir. Bu t\u00fcrde de sa\u011fa veya sola istenilen \u00f6l\u00e7\u00fclerde ve istenildi\u011fi kadar pile adediyle Plika\u015fe Plise elde edilir. Bununla birlikte araya bo\u015flukta verilebilir.<br>A\u015fa\u011f\u0131da Plika\u015fe modellerimizi inceleyebilirsiniz.<\/p>\n\n\n\n<div class=\"wp-block-buttons is-content-justification-center\"><\/div>\n<\/div>\n<\/div><\/section>\n\n\n\n<section class=\"wp-block-themeisle-blocks-advanced-columns has-1-columns has-desktop-equal-layout has-tablet-equal-layout has-mobile-equal-layout has-default-gap has-vertical-center animated bounceInDown\" id=\"wp-block-themeisle-blocks-advanced-columns-16d6a1bb\"><div class=\"wp-block-themeisle-blocks-advanced-columns-overlay\"><\/div><div class=\"innerblocks-wrap\">\n<div class=\"wp-block-themeisle-blocks-advanced-column\" id=\"wp-block-themeisle-blocks-advanced-column-5a2d60a7\">\n<div class=\"wp-block-envira-envira-gallery alignwide\"><div id=\"envira-gallery-wrap-547\" class=\"envira-gallery-wrap envira-gallery-theme-base envira-lightbox-theme-base\" itemscope itemtype=\"https:\/\/schema.org\/ImageGallery\"><div data-row-height=\"\" data-gallery-theme=\"\" id=\"envira-gallery-547\" class=\"envira-gallery-public  envira-gallery-6-columns envira-clear enviratope envira-gallery-css-animations\" data-envira-columns=\"6\"><div id=\"envira-gallery-item-548\" class=\"envira-gallery-item enviratope-item envira-gallery-item-1 envira-lazy-load\" style=\"padding-left: 1px; padding-bottom: 1px; padding-right: 1px;\"  itemscope itemtype=\"https:\/\/schema.org\/ImageObject\"><div class=\"envira-gallery-item-inner\"><div class=\"envira-gallery-position-overlay  envira-gallery-top-left\"><\/div><div class=\"envira-gallery-position-overlay  envira-gallery-top-right\"><\/div><div class=\"envira-gallery-position-overlay  envira-gallery-bottom-left\"><\/div><div class=\"envira-gallery-position-overlay  envira-gallery-bottom-right\"><\/div><a href=\"http:\/\/www.pilimodpilise.com\/wp-content\/uploads\/2021\/07\/resim2.jpg\" class=\"envira-gallery-547 envira-gallery-link\" rel=\"enviragallery547\" title=\"Plika\u015fe\" data-envira-caption=\"Plika\u015fe\" data-envira-retina=\"\" data-thumbnail=\"\"  itemprop=\"contentUrl\"><div class=\"envira-lazy\" data-test-width=\"640\" data-test-height=\"750\" style=\"padding-bottom:117.1875%;\"><img id=\"envira-gallery-image-548\" class=\"envira-gallery-image envira-gallery-image-1\" data-envira-index=\"1\" src=\"https:\/\/www.pilimodpilise.com\/wp-content\/uploads\/2021\/07\/resim2-680x1024-640x750_c.jpg\" data-envira-src=\"https:\/\/www.pilimodpilise.com\/wp-content\/uploads\/2021\/07\/resim2-680x1024-640x750_c.jpg\" data-envira-gallery-id=\"547\" data-envira-item-id=\"548\" data-envira-caption=\"Plika\u015fe\" alt=\"\" title=\"Plika\u015fe\"  itemprop=\"thumbnailUrl\" data-envira-srcset=\"https:\/\/www.pilimodpilise.com\/wp-content\/uploads\/2021\/07\/resim2-680x1024-640x750_c.jpg 400w,https:\/\/www.pilimodpilise.com\/wp-content\/uploads\/2021\/07\/resim2-680x1024-640x750_c.jpg 2x\" srcset=\"data:image\/gif;base64,R0lGODlhAQABAIAAAP\/\/\/\/\/\/\/yH5BAEKAAEALAAAAAABAAEAAAICTAEAOw==\" \/><\/div><\/a><\/div><\/div><div id=\"envira-gallery-item-549\" class=\"envira-gallery-item enviratope-item envira-gallery-item-2 envira-lazy-load\" style=\"padding-left: 1px; padding-bottom: 1px; padding-right: 1px;\"  itemscope itemtype=\"https:\/\/schema.org\/ImageObject\"><div class=\"envira-gallery-item-inner\"><div class=\"envira-gallery-position-overlay  envira-gallery-top-left\"><\/div><div class=\"envira-gallery-position-overlay  envira-gallery-top-right\"><\/div><div class=\"envira-gallery-position-overlay  envira-gallery-bottom-left\"><\/div><div class=\"envira-gallery-position-overlay  envira-gallery-bottom-right\"><\/div><a href=\"http:\/\/www.pilimodpilise.com\/wp-content\/uploads\/2021\/07\/2duz1ters.jpg\" class=\"envira-gallery-547 envira-gallery-link\" rel=\"enviragallery547\" title=\"Plika\u015fe\" data-envira-caption=\"Plika\u015fe\" data-envira-retina=\"\" data-thumbnail=\"\"  itemprop=\"contentUrl\"><div class=\"envira-lazy\" data-test-width=\"640\" data-test-height=\"750\" style=\"padding-bottom:117.1875%;\"><img id=\"envira-gallery-image-549\" class=\"envira-gallery-image envira-gallery-image-2\" data-envira-index=\"2\" src=\"https:\/\/www.pilimodpilise.com\/wp-content\/uploads\/2021\/07\/2duz1ters-680x1024-640x750_c.jpg\" data-envira-src=\"https:\/\/www.pilimodpilise.com\/wp-content\/uploads\/2021\/07\/2duz1ters-680x1024-640x750_c.jpg\" data-envira-gallery-id=\"547\" data-envira-item-id=\"549\" data-envira-caption=\"Plika\u015fe\" alt=\"\" title=\"Plika\u015fe\"  itemprop=\"thumbnailUrl\" data-envira-srcset=\"https:\/\/www.pilimodpilise.com\/wp-content\/uploads\/2021\/07\/2duz1ters-680x1024-640x750_c.jpg 400w,https:\/\/www.pilimodpilise.com\/wp-content\/uploads\/2021\/07\/2duz1ters-680x1024-640x750_c.jpg 2x\" srcset=\"data:image\/gif;base64,R0lGODlhAQABAIAAAP\/\/\/\/\/\/\/yH5BAEKAAEALAAAAAABAAEAAAICTAEAOw==\" \/><\/div><\/a><\/div><\/div><div id=\"envira-gallery-item-550\" class=\"envira-gallery-item enviratope-item envira-gallery-item-3 envira-lazy-load\" style=\"padding-left: 1px; padding-bottom: 1px; padding-right: 1px;\"  itemscope itemtype=\"https:\/\/schema.org\/ImageObject\"><div class=\"envira-gallery-item-inner\"><div class=\"envira-gallery-position-overlay  envira-gallery-top-left\"><\/div><div class=\"envira-gallery-position-overlay  envira-gallery-top-right\"><\/div><div class=\"envira-gallery-position-overlay  envira-gallery-bottom-left\"><\/div><div class=\"envira-gallery-position-overlay  envira-gallery-bottom-right\"><\/div><a href=\"http:\/\/www.pilimodpilise.com\/wp-content\/uploads\/2021\/07\/3cmpilikase.jpg\" class=\"envira-gallery-547 envira-gallery-link\" rel=\"enviragallery547\" title=\"Plika\u015fe\" data-envira-caption=\"Plika\u015fe\" data-envira-retina=\"\" data-thumbnail=\"\"  itemprop=\"contentUrl\"><div class=\"envira-lazy\" data-test-width=\"640\" data-test-height=\"750\" style=\"padding-bottom:117.1875%;\"><img id=\"envira-gallery-image-550\" class=\"envira-gallery-image envira-gallery-image-3\" data-envira-index=\"3\" src=\"https:\/\/www.pilimodpilise.com\/wp-content\/uploads\/2021\/07\/3cmpilikase-672x1024-640x750_c.jpg\" data-envira-src=\"https:\/\/www.pilimodpilise.com\/wp-content\/uploads\/2021\/07\/3cmpilikase-672x1024-640x750_c.jpg\" data-envira-gallery-id=\"547\" data-envira-item-id=\"550\" data-envira-caption=\"Plika\u015fe\" alt=\"\" title=\"Plika\u015fe\"  itemprop=\"thumbnailUrl\" data-envira-srcset=\"https:\/\/www.pilimodpilise.com\/wp-content\/uploads\/2021\/07\/3cmpilikase-672x1024-640x750_c.jpg 400w,https:\/\/www.pilimodpilise.com\/wp-content\/uploads\/2021\/07\/3cmpilikase-672x1024-640x750_c.jpg 2x\" srcset=\"data:image\/gif;base64,R0lGODlhAQABAIAAAP\/\/\/\/\/\/\/yH5BAEKAAEALAAAAAABAAEAAAICTAEAOw==\" \/><\/div><\/a><\/div><\/div><div id=\"envira-gallery-item-551\" class=\"envira-gallery-item enviratope-item envira-gallery-item-4 envira-lazy-load\" style=\"padding-left: 1px; padding-bottom: 1px; padding-right: 1px;\"  itemscope itemtype=\"https:\/\/schema.org\/ImageObject\"><div class=\"envira-gallery-item-inner\"><div class=\"envira-gallery-position-overlay  envira-gallery-top-left\"><\/div><div class=\"envira-gallery-position-overlay  envira-gallery-top-right\"><\/div><div class=\"envira-gallery-position-overlay  envira-gallery-bottom-left\"><\/div><div class=\"envira-gallery-position-overlay  envira-gallery-bottom-right\"><\/div><a href=\"http:\/\/www.pilimodpilise.com\/wp-content\/uploads\/2021\/07\/inceteklikrinkle.jpg\" class=\"envira-gallery-547 envira-gallery-link\" rel=\"enviragallery547\" title=\"Plika\u015fe\" data-envira-caption=\"Plika\u015fe\" data-envira-retina=\"\" data-thumbnail=\"\"  itemprop=\"contentUrl\"><div class=\"envira-lazy\" data-test-width=\"640\" data-test-height=\"750\" style=\"padding-bottom:117.1875%;\"><img id=\"envira-gallery-image-551\" class=\"envira-gallery-image envira-gallery-image-4\" data-envira-index=\"4\" src=\"https:\/\/www.pilimodpilise.com\/wp-content\/uploads\/2021\/07\/inceteklikrinkle-640x750_c.jpg\" data-envira-src=\"https:\/\/www.pilimodpilise.com\/wp-content\/uploads\/2021\/07\/inceteklikrinkle-640x750_c.jpg\" data-envira-gallery-id=\"547\" data-envira-item-id=\"551\" data-envira-caption=\"Plika\u015fe\" alt=\"\" title=\"Plika\u015fe\"  itemprop=\"thumbnailUrl\" data-envira-srcset=\"https:\/\/www.pilimodpilise.com\/wp-content\/uploads\/2021\/07\/inceteklikrinkle-640x750_c.jpg 400w,https:\/\/www.pilimodpilise.com\/wp-content\/uploads\/2021\/07\/inceteklikrinkle-640x750_c.jpg 2x\" srcset=\"data:image\/gif;base64,R0lGODlhAQABAIAAAP\/\/\/\/\/\/\/yH5BAEKAAEALAAAAAABAAEAAAICTAEAOw==\" \/><\/div><\/a><\/div><\/div><div id=\"envira-gallery-item-552\" class=\"envira-gallery-item enviratope-item envira-gallery-item-5 envira-lazy-load\" style=\"padding-left: 1px; padding-bottom: 1px; padding-right: 1px;\"  itemscope itemtype=\"https:\/\/schema.org\/ImageObject\"><div class=\"envira-gallery-item-inner\"><div class=\"envira-gallery-position-overlay  envira-gallery-top-left\"><\/div><div class=\"envira-gallery-position-overlay  envira-gallery-top-right\"><\/div><div class=\"envira-gallery-position-overlay  envira-gallery-bottom-left\"><\/div><div class=\"envira-gallery-position-overlay  envira-gallery-bottom-right\"><\/div><a href=\"http:\/\/www.pilimodpilise.com\/wp-content\/uploads\/2021\/07\/pilikasevebuzgu.jpg\" class=\"envira-gallery-547 envira-gallery-link\" rel=\"enviragallery547\" title=\"Plika\u015fe\" data-envira-caption=\"Plika\u015fe\" data-envira-retina=\"\" data-thumbnail=\"\"  itemprop=\"contentUrl\"><div class=\"envira-lazy\" data-test-width=\"640\" data-test-height=\"750\" style=\"padding-bottom:117.1875%;\"><img id=\"envira-gallery-image-552\" class=\"envira-gallery-image envira-gallery-image-5\" data-envira-index=\"5\" src=\"https:\/\/www.pilimodpilise.com\/wp-content\/uploads\/2021\/07\/pilikasevebuzgu-745x1024-640x750_c.jpg\" data-envira-src=\"https:\/\/www.pilimodpilise.com\/wp-content\/uploads\/2021\/07\/pilikasevebuzgu-745x1024-640x750_c.jpg\" data-envira-gallery-id=\"547\" data-envira-item-id=\"552\" data-envira-caption=\"Plika\u015fe\" alt=\"\" title=\"Plika\u015fe\"  itemprop=\"thumbnailUrl\" data-envira-srcset=\"https:\/\/www.pilimodpilise.com\/wp-content\/uploads\/2021\/07\/pilikasevebuzgu-745x1024-640x750_c.jpg 400w,https:\/\/www.pilimodpilise.com\/wp-content\/uploads\/2021\/07\/pilikasevebuzgu-745x1024-640x750_c.jpg 2x\" srcset=\"data:image\/gif;base64,R0lGODlhAQABAIAAAP\/\/\/\/\/\/\/yH5BAEKAAEALAAAAAABAAEAAAICTAEAOw==\" \/><\/div><\/a><\/div><\/div><div id=\"envira-gallery-item-553\" class=\"envira-gallery-item enviratope-item envira-gallery-item-6 envira-lazy-load\" style=\"padding-left: 1px; padding-bottom: 1px; padding-right: 1px;\"  itemscope itemtype=\"https:\/\/schema.org\/ImageObject\"><div class=\"envira-gallery-item-inner\"><div class=\"envira-gallery-position-overlay  envira-gallery-top-left\"><\/div><div class=\"envira-gallery-position-overlay  envira-gallery-top-right\"><\/div><div class=\"envira-gallery-position-overlay  envira-gallery-bottom-left\"><\/div><div class=\"envira-gallery-position-overlay  envira-gallery-bottom-right\"><\/div><a href=\"http:\/\/www.pilimodpilise.com\/wp-content\/uploads\/2021\/07\/resim1.jpg\" class=\"envira-gallery-547 envira-gallery-link\" rel=\"enviragallery547\" title=\"Plika\u015fe\" data-envira-caption=\"Plika\u015fe\" data-envira-retina=\"\" data-thumbnail=\"\"  itemprop=\"contentUrl\"><div class=\"envira-lazy\" data-test-width=\"640\" data-test-height=\"750\" style=\"padding-bottom:117.1875%;\"><img id=\"envira-gallery-image-553\" class=\"envira-gallery-image envira-gallery-image-6\" data-envira-index=\"6\" src=\"https:\/\/www.pilimodpilise.com\/wp-content\/uploads\/2021\/07\/resim1-680x1024-640x750_c.jpg\" data-envira-src=\"https:\/\/www.pilimodpilise.com\/wp-content\/uploads\/2021\/07\/resim1-680x1024-640x750_c.jpg\" data-envira-gallery-id=\"547\" data-envira-item-id=\"553\" data-envira-caption=\"Plika\u015fe\" alt=\"\" title=\"Plika\u015fe\"  itemprop=\"thumbnailUrl\" data-envira-srcset=\"https:\/\/www.pilimodpilise.com\/wp-content\/uploads\/2021\/07\/resim1-680x1024-640x750_c.jpg 400w,https:\/\/www.pilimodpilise.com\/wp-content\/uploads\/2021\/07\/resim1-680x1024-640x750_c.jpg 2x\" srcset=\"data:image\/gif;base64,R0lGODlhAQABAIAAAP\/\/\/\/\/\/\/yH5BAEKAAEALAAAAAABAAEAAAICTAEAOw==\" \/><\/div><\/a><\/div><\/div><\/div><\/div><noscript><img src=\"https:\/\/www.pilimodpilise.com\/wp-content\/uploads\/2021\/07\/resim2.jpg\" alt=\"\" \/><img src=\"https:\/\/www.pilimodpilise.com\/wp-content\/uploads\/2021\/07\/2duz1ters.jpg\" alt=\"\" \/><img src=\"https:\/\/www.pilimodpilise.com\/wp-content\/uploads\/2021\/07\/3cmpilikase.jpg\" alt=\"\" \/><img src=\"https:\/\/www.pilimodpilise.com\/wp-content\/uploads\/2021\/07\/inceteklikrinkle.jpg\" alt=\"\" \/><img src=\"https:\/\/www.pilimodpilise.com\/wp-content\/uploads\/2021\/07\/pilikasevebuzgu.jpg\" alt=\"\" \/><img src=\"https:\/\/www.pilimodpilise.com\/wp-content\/uploads\/2021\/07\/resim1.jpg\" alt=\"\" \/><\/noscript><\/div>\n<\/div>\n<\/div><\/section>\n<\/div>\n<\/div><\/section>\n\n\n\n<p><\/p>\n","protected":false},"excerpt":{"rendered":"","protected":false},"author":1,"featured_media":0,"parent":0,"menu_order":0,"comment_status":"closed","ping_status":"closed","template":"","meta":{"_ti_tpc_template_sync":false,"_ti_tpc_template_id":""},"yoast_head":"<!-- This site is optimized with the Yoast SEO plugin v16.8 - https:\/\/yoast.com\/wordpress\/plugins\/seo\/ -->\r\n<title>Plika\u015fe - P\u0130L\u0130MOD P\u0130L\u0130SE<\/title>\r\n<meta name=\"description\" content=\"#Pilimod #pilimod #pilise #plise #piliiise #d\u00fczpilise #dikpilise #zikzakpilise #b\u00fczg\u00fcpilise #t\u0131rnakpilise #krinklepilise #perdepilise #pilika\u015fe #lazerkesim #pilisoleyve\u00e7e\u015fitleri #\u00f6zelkal\u0131pmodelleri #kra\u015fmodelleri #d\u00fcz #dik #zikzak #b\u00fczg\u00fc #t\u0131rnak #krinkle #perde #pilikase #lazer #pilisoleyi #\u00f6zel #kra\u015f\" \/>\r\n<meta name=\"robots\" content=\"index, follow, max-snippet:-1, max-image-preview:large, max-video-preview:-1\" \/>\r\n<link rel=\"canonical\" href=\"https:\/\/www.pilimodpilise.com\/index.php\/plikase\/\" \/>\r\n<meta property=\"og:locale\" content=\"tr_TR\" \/>\r\n<meta property=\"og:type\" content=\"article\" \/>\r\n<meta property=\"og:title\" content=\"Plika\u015fe - P\u0130L\u0130MOD P\u0130L\u0130SE\" \/>\r\n<meta property=\"og:description\" content=\"#Pilimod #pilimod #pilise #plise #piliiise #d\u00fczpilise #dikpilise #zikzakpilise #b\u00fczg\u00fcpilise #t\u0131rnakpilise #krinklepilise #perdepilise #pilika\u015fe #lazerkesim #pilisoleyve\u00e7e\u015fitleri #\u00f6zelkal\u0131pmodelleri #kra\u015fmodelleri #d\u00fcz #dik #zikzak #b\u00fczg\u00fc #t\u0131rnak #krinkle #perde #pilikase #lazer #pilisoleyi #\u00f6zel #kra\u015f\" \/>\r\n<meta property=\"og:url\" content=\"https:\/\/www.pilimodpilise.com\/index.php\/plikase\/\" \/>\r\n<meta property=\"og:site_name\" content=\"P\u0130L\u0130MOD P\u0130L\u0130SE\" \/>\r\n<meta property=\"article:publisher\" content=\"https:\/\/tr-tr.facebook.com\/pilimodpilise2021\" \/>\r\n<meta property=\"article:modified_time\" content=\"2021-08-08T12:06:08+00:00\" \/>\r\n<meta property=\"og:image\" content=\"http:\/\/www.pilimodpilise.com\/wp-content\/uploads\/2021\/07\/pilikase.jpg\" \/>\r\n<meta name=\"twitter:card\" content=\"summary_large_image\" \/>\r\n<meta name=\"twitter:label1\" content=\"Tahmini okuma s\u00fcresi\" \/>\n\t<meta name=\"twitter:data1\" content=\"1 dakika\" \/>\r\n<script type=\"application\/ld+json\" class=\"yoast-schema-graph\">{\"@context\":\"https:\/\/schema.org\",\"@graph\":[{\"@type\":\"Organization\",\"@id\":\"https:\/\/www.pilimodpilise.com\/#organization\",\"name\":\"P\\u0130L\\u0130MOD P\\u0130L\\u0130SE\",\"url\":\"https:\/\/www.pilimodpilise.com\/\",\"sameAs\":[\"https:\/\/tr-tr.facebook.com\/pilimodpilise2021\",\"https:\/\/www.instagram.com\/pilimod_pilise\/\",\"https:\/\/www.linkedin.com\/company\/pilimodpilise\",\"https:\/\/www.youtube.com\/channel\/UCWwyZ14bKNoIj6CisW44Hsw\/videos\"],\"logo\":{\"@type\":\"ImageObject\",\"@id\":\"https:\/\/www.pilimodpilise.com\/#logo\",\"inLanguage\":\"tr\",\"url\":\"http:\/\/www.pilimodpilise.com\/wp-content\/uploads\/2021\/06\/pilimod_logo1.png\",\"contentUrl\":\"http:\/\/www.pilimodpilise.com\/wp-content\/uploads\/2021\/06\/pilimod_logo1.png\",\"width\":1081,\"height\":695,\"caption\":\"P\\u0130L\\u0130MOD P\\u0130L\\u0130SE\"},\"image\":{\"@id\":\"https:\/\/www.pilimodpilise.com\/#logo\"}},{\"@type\":\"WebSite\",\"@id\":\"https:\/\/www.pilimodpilise.com\/#website\",\"url\":\"https:\/\/www.pilimodpilise.com\/\",\"name\":\"P\\u0130L\\u0130MOD P\\u0130L\\u0130SE\",\"description\":\"P\\u0130L\\u0130MOD P\\u0130L\\u0130SE\",\"publisher\":{\"@id\":\"https:\/\/www.pilimodpilise.com\/#organization\"},\"potentialAction\":[{\"@type\":\"SearchAction\",\"target\":{\"@type\":\"EntryPoint\",\"urlTemplate\":\"https:\/\/www.pilimodpilise.com\/?s={search_term_string}\"},\"query-input\":\"required name=search_term_string\"}],\"inLanguage\":\"tr\"},{\"@type\":\"ImageObject\",\"@id\":\"https:\/\/www.pilimodpilise.com\/index.php\/plikase\/#primaryimage\",\"inLanguage\":\"tr\",\"url\":\"http:\/\/www.pilimodpilise.com\/wp-content\/uploads\/2021\/07\/pilikase.jpg\",\"contentUrl\":\"http:\/\/www.pilimodpilise.com\/wp-content\/uploads\/2021\/07\/pilikase.jpg\"},{\"@type\":\"WebPage\",\"@id\":\"https:\/\/www.pilimodpilise.com\/index.php\/plikase\/#webpage\",\"url\":\"https:\/\/www.pilimodpilise.com\/index.php\/plikase\/\",\"name\":\"Plika\\u015fe - P\\u0130L\\u0130MOD P\\u0130L\\u0130SE\",\"isPartOf\":{\"@id\":\"https:\/\/www.pilimodpilise.com\/#website\"},\"primaryImageOfPage\":{\"@id\":\"https:\/\/www.pilimodpilise.com\/index.php\/plikase\/#primaryimage\"},\"datePublished\":\"2021-06-17T11:12:47+00:00\",\"dateModified\":\"2021-08-08T12:06:08+00:00\",\"description\":\"#Pilimod #pilimod #pilise #plise #piliiise #d\\u00fczpilise #dikpilise #zikzakpilise #b\\u00fczg\\u00fcpilise #t\\u0131rnakpilise #krinklepilise #perdepilise #pilika\\u015fe #lazerkesim #pilisoleyve\\u00e7e\\u015fitleri #\\u00f6zelkal\\u0131pmodelleri #kra\\u015fmodelleri #d\\u00fcz #dik #zikzak #b\\u00fczg\\u00fc #t\\u0131rnak #krinkle #perde #pilikase #lazer #pilisoleyi #\\u00f6zel #kra\\u015f\",\"breadcrumb\":{\"@id\":\"https:\/\/www.pilimodpilise.com\/index.php\/plikase\/#breadcrumb\"},\"inLanguage\":\"tr\",\"potentialAction\":[{\"@type\":\"ReadAction\",\"target\":[\"https:\/\/www.pilimodpilise.com\/index.php\/plikase\/\"]}]},{\"@type\":\"BreadcrumbList\",\"@id\":\"https:\/\/www.pilimodpilise.com\/index.php\/plikase\/#breadcrumb\",\"itemListElement\":[{\"@type\":\"ListItem\",\"position\":1,\"name\":\"Anasayfa\",\"item\":\"https:\/\/www.pilimodpilise.com\/\"},{\"@type\":\"ListItem\",\"position\":2,\"name\":\"Plika\\u015fe\"}]}]}<\/script>\r\n<!-- \/ Yoast SEO plugin. -->","yoast_head_json":{"title":"Plika\u015fe - P\u0130L\u0130MOD P\u0130L\u0130SE","description":"#Pilimod #pilimod #pilise #plise #piliiise #d\u00fczpilise #dikpilise #zikzakpilise #b\u00fczg\u00fcpilise #t\u0131rnakpilise #krinklepilise #perdepilise #pilika\u015fe #lazerkesim #pilisoleyve\u00e7e\u015fitleri #\u00f6zelkal\u0131pmodelleri #kra\u015fmodelleri #d\u00fcz #dik #zikzak #b\u00fczg\u00fc #t\u0131rnak #krinkle #perde #pilikase #lazer #pilisoleyi #\u00f6zel #kra\u015f","robots":{"index":"index","follow":"follow","max-snippet":"max-snippet:-1","max-image-preview":"max-image-preview:large","max-video-preview":"max-video-preview:-1"},"canonical":"https:\/\/www.pilimodpilise.com\/index.php\/plikase\/","og_locale":"tr_TR","og_type":"article","og_title":"Plika\u015fe - P\u0130L\u0130MOD P\u0130L\u0130SE","og_description":"#Pilimod #pilimod #pilise #plise #piliiise #d\u00fczpilise #dikpilise #zikzakpilise #b\u00fczg\u00fcpilise #t\u0131rnakpilise #krinklepilise #perdepilise #pilika\u015fe #lazerkesim #pilisoleyve\u00e7e\u015fitleri #\u00f6zelkal\u0131pmodelleri #kra\u015fmodelleri #d\u00fcz #dik #zikzak #b\u00fczg\u00fc #t\u0131rnak #krinkle #perde #pilikase #lazer #pilisoleyi #\u00f6zel #kra\u015f","og_url":"https:\/\/www.pilimodpilise.com\/index.php\/plikase\/","og_site_name":"P\u0130L\u0130MOD P\u0130L\u0130SE","article_publisher":"https:\/\/tr-tr.facebook.com\/pilimodpilise2021","article_modified_time":"2021-08-08T12:06:08+00:00","og_image":[{"url":"http:\/\/www.pilimodpilise.com\/wp-content\/uploads\/2021\/07\/pilikase.jpg"}],"twitter_card":"summary_large_image","twitter_misc":{"Tahmini okuma s\u00fcresi":"1 dakika"},"schema":{"@context":"https:\/\/schema.org","@graph":[{"@type":"Organization","@id":"https:\/\/www.pilimodpilise.com\/#organization","name":"P\u0130L\u0130MOD P\u0130L\u0130SE","url":"https:\/\/www.pilimodpilise.com\/","sameAs":["https:\/\/tr-tr.facebook.com\/pilimodpilise2021","https:\/\/www.instagram.com\/pilimod_pilise\/","https:\/\/www.linkedin.com\/company\/pilimodpilise","https:\/\/www.youtube.com\/channel\/UCWwyZ14bKNoIj6CisW44Hsw\/videos"],"logo":{"@type":"ImageObject","@id":"https:\/\/www.pilimodpilise.com\/#logo","inLanguage":"tr","url":"http:\/\/www.pilimodpilise.com\/wp-content\/uploads\/2021\/06\/pilimod_logo1.png","contentUrl":"http:\/\/www.pilimodpilise.com\/wp-content\/uploads\/2021\/06\/pilimod_logo1.png","width":1081,"height":695,"caption":"P\u0130L\u0130MOD P\u0130L\u0130SE"},"image":{"@id":"https:\/\/www.pilimodpilise.com\/#logo"}},{"@type":"WebSite","@id":"https:\/\/www.pilimodpilise.com\/#website","url":"https:\/\/www.pilimodpilise.com\/","name":"P\u0130L\u0130MOD P\u0130L\u0130SE","description":"P\u0130L\u0130MOD P\u0130L\u0130SE","publisher":{"@id":"https:\/\/www.pilimodpilise.com\/#organization"},"potentialAction":[{"@type":"SearchAction","target":{"@type":"EntryPoint","urlTemplate":"https:\/\/www.pilimodpilise.com\/?s={search_term_string}"},"query-input":"required name=search_term_string"}],"inLanguage":"tr"},{"@type":"ImageObject","@id":"https:\/\/www.pilimodpilise.com\/index.php\/plikase\/#primaryimage","inLanguage":"tr","url":"http:\/\/www.pilimodpilise.com\/wp-content\/uploads\/2021\/07\/pilikase.jpg","contentUrl":"http:\/\/www.pilimodpilise.com\/wp-content\/uploads\/2021\/07\/pilikase.jpg"},{"@type":"WebPage","@id":"https:\/\/www.pilimodpilise.com\/index.php\/plikase\/#webpage","url":"https:\/\/www.pilimodpilise.com\/index.php\/plikase\/","name":"Plika\u015fe - P\u0130L\u0130MOD P\u0130L\u0130SE","isPartOf":{"@id":"https:\/\/www.pilimodpilise.com\/#website"},"primaryImageOfPage":{"@id":"https:\/\/www.pilimodpilise.com\/index.php\/plikase\/#primaryimage"},"datePublished":"2021-06-17T11:12:47+00:00","dateModified":"2021-08-08T12:06:08+00:00","description":"#Pilimod #pilimod #pilise #plise #piliiise #d\u00fczpilise #dikpilise #zikzakpilise #b\u00fczg\u00fcpilise #t\u0131rnakpilise #krinklepilise #perdepilise #pilika\u015fe #lazerkesim #pilisoleyve\u00e7e\u015fitleri #\u00f6zelkal\u0131pmodelleri #kra\u015fmodelleri #d\u00fcz #dik #zikzak #b\u00fczg\u00fc #t\u0131rnak #krinkle #perde #pilikase #lazer #pilisoleyi #\u00f6zel #kra\u015f","breadcrumb":{"@id":"https:\/\/www.pilimodpilise.com\/index.php\/plikase\/#breadcrumb"},"inLanguage":"tr","potentialAction":[{"@type":"ReadAction","target":["https:\/\/www.pilimodpilise.com\/index.php\/plikase\/"]}]},{"@type":"BreadcrumbList","@id":"https:\/\/www.pilimodpilise.com\/index.php\/plikase\/#breadcrumb","itemListElement":[{"@type":"ListItem","position":1,"name":"Anasayfa","item":"https:\/\/www.pilimodpilise.com\/"},{"@type":"ListItem","position":2,"name":"Plika\u015fe"}]}]}},"_links":{"self":[{"href":"https:\/\/www.pilimodpilise.com\/index.php\/wp-json\/wp\/v2\/pages\/255"}],"collection":[{"href":"https:\/\/www.pilimodpilise.com\/index.php\/wp-json\/wp\/v2\/pages"}],"about":[{"href":"https:\/\/www.pilimodpilise.com\/index.php\/wp-json\/wp\/v2\/types\/page"}],"author":[{"embeddable":true,"href":"https:\/\/www.pilimodpilise.com\/index.php\/wp-json\/wp\/v2\/users\/1"}],"replies":[{"embeddable":true,"href":"https:\/\/www.pilimodpilise.com\/index.php\/wp-json\/wp\/v2\/comments?post=255"}],"version-history":[{"count":4,"href":"https:\/\/www.pilimodpilise.com\/index.php\/wp-json\/wp\/v2\/pages\/255\/revisions"}],"predecessor-version":[{"id":678,"href":"https:\/\/www.pilimodpilise.com\/index.php\/wp-json\/wp\/v2\/pages\/255\/revisions\/678"}],"wp:attachment":[{"href":"https:\/\/www.pilimodpilise.com\/index.php\/wp-json\/wp\/v2\/media?parent=255"}],"curies":[{"name":"wp","href":"https:\/\/api.w.org\/{rel}","templated":true}]}}