{"id":174,"date":"2020-02-26T11:48:48","date_gmt":"2020-02-26T08:48:48","guid":{"rendered":"https:\/\/demosites.io\/lawyers-gb\/?page_id=174"},"modified":"2021-08-08T15:02:42","modified_gmt":"2021-08-08T12:02:42","slug":"iletisim","status":"publish","type":"page","link":"https:\/\/www.pilimodpilise.com\/index.php\/iletisim\/","title":{"rendered":"\u0130leti\u015fim"},"content":{"rendered":"\n<div class=\"wp-block-cover alignfull has-nv-light-bg-background-color has-background-dim\" style=\"min-height:420px\"><div class=\"wp-block-cover__inner-container\">\n<div style=\"height:80px\" aria-hidden=\"true\" class=\"wp-block-spacer\"><\/div>\n\n\n\n<div class=\"wp-block-columns\">\n<div class=\"wp-block-column\">\n<div style=\"height:24px\" aria-hidden=\"true\" class=\"wp-block-spacer\"><\/div>\n\n\n\n<div class=\"wp-block-image icon-style is-style-rounded\"><figure class=\"aligncenter is-resized\"><img loading=\"lazy\" src=\"http:\/\/pilise.mekis.online\/wp-content\/themes\/neve\/assets\/img\/starter-content\/icon-05.svg\" alt=\"\" width=\"48\" height=\"48\"\/><\/figure><\/div>\n\n\n\n<h3 class=\"has-text-align-center has-neve-text-color-color has-text-color\">Bizi Aray\u0131n<\/h3>\n\n\n\n<p class=\"has-text-align-center has-neve-text-color-color has-text-color\">Tel:&nbsp; 0212 224 36 44<br>Tel:&nbsp; 0212 230 05 96<br>Fax:&nbsp; 0212 224 59 04<br>Gsm: 0555 802 53 64<\/p>\n\n\n\n<div style=\"height:24px\" aria-hidden=\"true\" class=\"wp-block-spacer\"><\/div>\n<\/div>\n\n\n\n<div class=\"wp-block-column\">\n<div style=\"height:24px\" aria-hidden=\"true\" class=\"wp-block-spacer\"><\/div>\n\n\n\n<div class=\"wp-block-image icon-style is-style-rounded\"><figure class=\"aligncenter is-resized\"><img loading=\"lazy\" src=\"http:\/\/pilise.mekis.online\/wp-content\/themes\/neve\/assets\/img\/starter-content\/icon-06.svg\" alt=\"\" width=\"48\" height=\"48\"\/><\/figure><\/div>\n\n\n\n<h3 class=\"has-text-align-center has-neve-text-color-color has-text-color\">Email<\/h3>\n\n\n\n<p class=\"has-text-align-center has-neve-text-color-color has-text-color\" style=\"font-size:15px\">pilimod@pilimodpilise.com<\/p>\n\n\n\n<div style=\"height:24px\" aria-hidden=\"true\" class=\"wp-block-spacer\"><\/div>\n<\/div>\n\n\n\n<div class=\"wp-block-column\">\n<div style=\"height:24px\" aria-hidden=\"true\" class=\"wp-block-spacer\"><\/div>\n\n\n\n<div class=\"wp-block-image icon-style is-style-rounded\"><figure class=\"aligncenter is-resized\"><img loading=\"lazy\" src=\"http:\/\/pilise.mekis.online\/wp-content\/themes\/neve\/assets\/img\/starter-content\/icon-04.svg\" alt=\"\" width=\"48\" height=\"48\"\/><\/figure><\/div>\n\n\n\n<h3 class=\"has-text-align-center has-neve-text-color-color has-text-color\">Adres<\/h3>\n\n\n\n<p class=\"has-text-align-center has-neve-text-color-color has-text-color\">H\u00fcrriyet Mah. Ta\u015foca\u011f\u0131 Cad. Sevim Sok. No:16   Ka\u011f\u0131thane \/ \u0130stanbul<\/p>\n\n\n\n<div style=\"height:24px\" aria-hidden=\"true\" class=\"wp-block-spacer\"><\/div>\n<\/div>\n<\/div>\n\n\n\n<div style=\"height:30px\" aria-hidden=\"true\" class=\"wp-block-spacer\"><\/div>\n<\/div><\/div>\n\n\n\n<div class=\"wp-block-cover alignfull has-nv-dark-bg-background-color has-background-dim\" style=\"min-height:600px\"><div class=\"wp-block-cover__inner-container\">\n<div class=\"wp-block-group\"><div class=\"wp-block-group__inner-container\">\n<div style=\"height:80px\" aria-hidden=\"true\" class=\"wp-block-spacer\"><\/div>\n\n\n\n<div class=\"wp-block-columns alignwide\">\n<div class=\"wp-block-column\" style=\"flex-basis:50%\">\n<h2 class=\"has-text-align-center has-nv-site-bg-color has-text-color\">\u0130LET\u0130\u015e\u0130M FORMU<\/h2>\n\n\n<div class=\"wpforms-container wpforms-container-full\" id=\"wpforms-289\"><form id=\"wpforms-form-289\" class=\"wpforms-validate wpforms-form\" data-formid=\"289\" method=\"post\" enctype=\"multipart\/form-data\" action=\"\/index.php\/wp-json\/wp\/v2\/pages\/174\" data-token=\"727d203b4914e47777337d3bd8b21fd0\"><noscript class=\"wpforms-error-noscript\">Please enable JavaScript in your browser to complete this form.<\/noscript><div class=\"wpforms-field-container\"><div id=\"wpforms-289-field_0-container\" class=\"wpforms-field wpforms-field-name\" data-field-id=\"0\"><label class=\"wpforms-field-label\" for=\"wpforms-289-field_0\">\u0130sim Soyisim <span class=\"wpforms-required-label\">*<\/span><\/label><input type=\"text\" id=\"wpforms-289-field_0\" class=\"wpforms-field-medium wpforms-field-required\" name=\"wpforms[fields][0]\" required><\/div><div id=\"wpforms-289-field_1-container\" class=\"wpforms-field wpforms-field-email\" data-field-id=\"1\"><label class=\"wpforms-field-label\" for=\"wpforms-289-field_1\">Email <span class=\"wpforms-required-label\">*<\/span><\/label><input type=\"email\" id=\"wpforms-289-field_1\" class=\"wpforms-field-medium wpforms-field-required\" name=\"wpforms[fields][1]\" required><\/div><div id=\"wpforms-289-field_6-container\" class=\"wpforms-field wpforms-field-text\" data-field-id=\"6\"><label class=\"wpforms-field-label\" for=\"wpforms-289-field_6\">Konu <span class=\"wpforms-required-label\">*<\/span><\/label><input type=\"text\" id=\"wpforms-289-field_6\" class=\"wpforms-field-medium wpforms-field-required\" name=\"wpforms[fields][6]\" required><\/div><div id=\"wpforms-289-field_2-container\" class=\"wpforms-field wpforms-field-textarea\" data-field-id=\"2\"><label class=\"wpforms-field-label\" for=\"wpforms-289-field_2\">Mesaj\u0131n\u0131z <span class=\"wpforms-required-label\">*<\/span><\/label><textarea id=\"wpforms-289-field_2\" class=\"wpforms-field-medium wpforms-field-required\" name=\"wpforms[fields][2]\" required><\/textarea><\/div><\/div><div class=\"wpforms-submit-container\" ><input type=\"hidden\" name=\"wpforms[id]\" value=\"289\"><input type=\"hidden\" name=\"wpforms[author]\" value=\"1\"><button type=\"submit\" name=\"wpforms[submit]\" class=\"wpforms-submit \" id=\"wpforms-submit-289\" value=\"wpforms-submit\" aria-live=\"assertive\" data-alt-text=\"Sending...\" data-submit-text=\"G\u00d6NDER\">G\u00d6NDER<\/button><\/div><\/form><\/div>  <!-- .wpforms-container -->\n\n\n<p><\/p>\n<\/div>\n\n\n\n<div class=\"wp-block-column is-vertically-aligned-center\" style=\"flex-basis:50%\">\n<figure class=\"wp-block-image size-large\"><a href=\"https:\/\/www.google.com\/maps\/place\/Pilimod+Pilise\/@41.0729551,28.9797142,17z\/data=!3m1!4b1!4m5!3m4!1s0x14cab6e591303847:0xaff622218fde433!8m2!3d41.0729511!4d28.9819029\" target=\"_blank\" rel=\"noopener\"><img src=\"http:\/\/pilise.mekis.online\/demo3\/wp-content\/uploads\/sites\/4\/2021\/06\/pilimod-adress.png\" alt=\"\" class=\"wp-image-611\"\/><\/a><\/figure>\n<\/div>\n<\/div>\n\n\n\n<div style=\"height:40px\" aria-hidden=\"true\" class=\"wp-block-spacer\"><\/div>\n<\/div><\/div>\n<\/div><\/div>\n\n\n\n<div class=\"wp-block-themeisle-blocks-advanced-columns has-1-columns has-desktop-equal-layout has-tablet-equal-layout has-mobile-equal-layout has-default-gap has-vertical-unset\" id=\"wp-block-themeisle-blocks-advanced-columns-490287ec\"><div class=\"wp-block-themeisle-blocks-advanced-columns-overlay\"><\/div><div class=\"innerblocks-wrap\">\n<div class=\"wp-block-themeisle-blocks-advanced-column\" id=\"wp-block-themeisle-blocks-advanced-column-0c3eb917\"><\/div>\n<\/div><\/div>\n","protected":false},"excerpt":{"rendered":"","protected":false},"author":1,"featured_media":0,"parent":0,"menu_order":0,"comment_status":"closed","ping_status":"closed","template":"page-templates\/template-pagebuilder-full-width.php","meta":{"_ti_tpc_template_sync":false,"_ti_tpc_template_id":"0htrsp9wd20dubg3bi90"},"yoast_head":"<!-- This site is optimized with the Yoast SEO plugin v16.8 - https:\/\/yoast.com\/wordpress\/plugins\/seo\/ -->\r\n<title>\u0130leti\u015fim - P\u0130L\u0130MOD P\u0130L\u0130SE<\/title>\r\n<meta name=\"description\" content=\"#Pilimod #pilimod #pilise #plise #piliiise #d\u00fczpilise #dikpilise #zikzakpilise #b\u00fczg\u00fcpilise #t\u0131rnakpilise #krinklepilise #perdepilise #pilika\u015fe #lazerkesim #pilisoleyve\u00e7e\u015fitleri #\u00f6zelkal\u0131pmodelleri #kra\u015fmodelleri #d\u00fcz #dik #zikzak #b\u00fczg\u00fc #t\u0131rnak #krinkle #perde #pilikase #lazer #pilisoleyi #\u00f6zel #kra\u015f\" \/>\r\n<meta name=\"robots\" content=\"index, follow, max-snippet:-1, max-image-preview:large, max-video-preview:-1\" \/>\r\n<link rel=\"canonical\" href=\"https:\/\/www.pilimodpilise.com\/index.php\/iletisim\/\" \/>\r\n<meta property=\"og:locale\" content=\"tr_TR\" \/>\r\n<meta property=\"og:type\" content=\"article\" \/>\r\n<meta property=\"og:title\" content=\"\u0130leti\u015fim - P\u0130L\u0130MOD P\u0130L\u0130SE\" \/>\r\n<meta property=\"og:description\" content=\"#Pilimod #pilimod #pilise #plise #piliiise #d\u00fczpilise #dikpilise #zikzakpilise #b\u00fczg\u00fcpilise #t\u0131rnakpilise #krinklepilise #perdepilise #pilika\u015fe #lazerkesim #pilisoleyve\u00e7e\u015fitleri #\u00f6zelkal\u0131pmodelleri #kra\u015fmodelleri #d\u00fcz #dik #zikzak #b\u00fczg\u00fc #t\u0131rnak #krinkle #perde #pilikase #lazer #pilisoleyi #\u00f6zel #kra\u015f\" \/>\r\n<meta property=\"og:url\" content=\"https:\/\/www.pilimodpilise.com\/index.php\/iletisim\/\" \/>\r\n<meta property=\"og:site_name\" content=\"P\u0130L\u0130MOD P\u0130L\u0130SE\" \/>\r\n<meta property=\"article:publisher\" content=\"https:\/\/tr-tr.facebook.com\/pilimodpilise2021\" \/>\r\n<meta property=\"article:modified_time\" content=\"2021-08-08T12:02:42+00:00\" \/>\r\n<meta property=\"og:image\" content=\"http:\/\/pilise.mekis.online\/wp-content\/themes\/neve\/assets\/img\/starter-content\/icon-05.svg\" \/>\r\n<meta name=\"twitter:card\" content=\"summary_large_image\" \/>\r\n<meta name=\"twitter:label1\" content=\"Tahmini okuma s\u00fcresi\" \/>\n\t<meta name=\"twitter:data1\" content=\"1 dakika\" \/>\r\n<script type=\"application\/ld+json\" class=\"yoast-schema-graph\">{\"@context\":\"https:\/\/schema.org\",\"@graph\":[{\"@type\":\"Organization\",\"@id\":\"https:\/\/www.pilimodpilise.com\/#organization\",\"name\":\"P\\u0130L\\u0130MOD P\\u0130L\\u0130SE\",\"url\":\"https:\/\/www.pilimodpilise.com\/\",\"sameAs\":[\"https:\/\/tr-tr.facebook.com\/pilimodpilise2021\",\"https:\/\/www.instagram.com\/pilimod_pilise\/\",\"https:\/\/www.linkedin.com\/company\/pilimodpilise\",\"https:\/\/www.youtube.com\/channel\/UCWwyZ14bKNoIj6CisW44Hsw\/videos\"],\"logo\":{\"@type\":\"ImageObject\",\"@id\":\"https:\/\/www.pilimodpilise.com\/#logo\",\"inLanguage\":\"tr\",\"url\":\"http:\/\/www.pilimodpilise.com\/wp-content\/uploads\/2021\/06\/pilimod_logo1.png\",\"contentUrl\":\"http:\/\/www.pilimodpilise.com\/wp-content\/uploads\/2021\/06\/pilimod_logo1.png\",\"width\":1081,\"height\":695,\"caption\":\"P\\u0130L\\u0130MOD P\\u0130L\\u0130SE\"},\"image\":{\"@id\":\"https:\/\/www.pilimodpilise.com\/#logo\"}},{\"@type\":\"WebSite\",\"@id\":\"https:\/\/www.pilimodpilise.com\/#website\",\"url\":\"https:\/\/www.pilimodpilise.com\/\",\"name\":\"P\\u0130L\\u0130MOD P\\u0130L\\u0130SE\",\"description\":\"P\\u0130L\\u0130MOD P\\u0130L\\u0130SE\",\"publisher\":{\"@id\":\"https:\/\/www.pilimodpilise.com\/#organization\"},\"potentialAction\":[{\"@type\":\"SearchAction\",\"target\":{\"@type\":\"EntryPoint\",\"urlTemplate\":\"https:\/\/www.pilimodpilise.com\/?s={search_term_string}\"},\"query-input\":\"required name=search_term_string\"}],\"inLanguage\":\"tr\"},{\"@type\":\"ImageObject\",\"@id\":\"https:\/\/www.pilimodpilise.com\/index.php\/iletisim\/#primaryimage\",\"inLanguage\":\"tr\",\"url\":\"http:\/\/pilise.mekis.online\/wp-content\/themes\/neve\/assets\/img\/starter-content\/icon-05.svg\",\"contentUrl\":\"http:\/\/pilise.mekis.online\/wp-content\/themes\/neve\/assets\/img\/starter-content\/icon-05.svg\"},{\"@type\":\"WebPage\",\"@id\":\"https:\/\/www.pilimodpilise.com\/index.php\/iletisim\/#webpage\",\"url\":\"https:\/\/www.pilimodpilise.com\/index.php\/iletisim\/\",\"name\":\"\\u0130leti\\u015fim - P\\u0130L\\u0130MOD P\\u0130L\\u0130SE\",\"isPartOf\":{\"@id\":\"https:\/\/www.pilimodpilise.com\/#website\"},\"primaryImageOfPage\":{\"@id\":\"https:\/\/www.pilimodpilise.com\/index.php\/iletisim\/#primaryimage\"},\"datePublished\":\"2020-02-26T08:48:48+00:00\",\"dateModified\":\"2021-08-08T12:02:42+00:00\",\"description\":\"#Pilimod #pilimod #pilise #plise #piliiise #d\\u00fczpilise #dikpilise #zikzakpilise #b\\u00fczg\\u00fcpilise #t\\u0131rnakpilise #krinklepilise #perdepilise #pilika\\u015fe #lazerkesim #pilisoleyve\\u00e7e\\u015fitleri #\\u00f6zelkal\\u0131pmodelleri #kra\\u015fmodelleri #d\\u00fcz #dik #zikzak #b\\u00fczg\\u00fc #t\\u0131rnak #krinkle #perde #pilikase #lazer #pilisoleyi #\\u00f6zel #kra\\u015f\",\"breadcrumb\":{\"@id\":\"https:\/\/www.pilimodpilise.com\/index.php\/iletisim\/#breadcrumb\"},\"inLanguage\":\"tr\",\"potentialAction\":[{\"@type\":\"ReadAction\",\"target\":[\"https:\/\/www.pilimodpilise.com\/index.php\/iletisim\/\"]}]},{\"@type\":\"BreadcrumbList\",\"@id\":\"https:\/\/www.pilimodpilise.com\/index.php\/iletisim\/#breadcrumb\",\"itemListElement\":[{\"@type\":\"ListItem\",\"position\":1,\"name\":\"Anasayfa\",\"item\":\"https:\/\/www.pilimodpilise.com\/\"},{\"@type\":\"ListItem\",\"position\":2,\"name\":\"\\u0130leti\\u015fim\"}]}]}<\/script>\r\n<!-- \/ Yoast SEO plugin. -->","yoast_head_json":{"title":"\u0130leti\u015fim - P\u0130L\u0130MOD P\u0130L\u0130SE","description":"#Pilimod #pilimod #pilise #plise #piliiise #d\u00fczpilise #dikpilise #zikzakpilise #b\u00fczg\u00fcpilise #t\u0131rnakpilise #krinklepilise #perdepilise #pilika\u015fe #lazerkesim #pilisoleyve\u00e7e\u015fitleri #\u00f6zelkal\u0131pmodelleri #kra\u015fmodelleri #d\u00fcz #dik #zikzak #b\u00fczg\u00fc #t\u0131rnak #krinkle #perde #pilikase #lazer #pilisoleyi #\u00f6zel #kra\u015f","robots":{"index":"index","follow":"follow","max-snippet":"max-snippet:-1","max-image-preview":"max-image-preview:large","max-video-preview":"max-video-preview:-1"},"canonical":"https:\/\/www.pilimodpilise.com\/index.php\/iletisim\/","og_locale":"tr_TR","og_type":"article","og_title":"\u0130leti\u015fim - P\u0130L\u0130MOD P\u0130L\u0130SE","og_description":"#Pilimod #pilimod #pilise #plise #piliiise #d\u00fczpilise #dikpilise #zikzakpilise #b\u00fczg\u00fcpilise #t\u0131rnakpilise #krinklepilise #perdepilise #pilika\u015fe #lazerkesim #pilisoleyve\u00e7e\u015fitleri #\u00f6zelkal\u0131pmodelleri #kra\u015fmodelleri #d\u00fcz #dik #zikzak #b\u00fczg\u00fc #t\u0131rnak #krinkle #perde #pilikase #lazer #pilisoleyi #\u00f6zel #kra\u015f","og_url":"https:\/\/www.pilimodpilise.com\/index.php\/iletisim\/","og_site_name":"P\u0130L\u0130MOD P\u0130L\u0130SE","article_publisher":"https:\/\/tr-tr.facebook.com\/pilimodpilise2021","article_modified_time":"2021-08-08T12:02:42+00:00","og_image":[{"url":"http:\/\/pilise.mekis.online\/wp-content\/themes\/neve\/assets\/img\/starter-content\/icon-05.svg"}],"twitter_card":"summary_large_image","twitter_misc":{"Tahmini okuma s\u00fcresi":"1 dakika"},"schema":{"@context":"https:\/\/schema.org","@graph":[{"@type":"Organization","@id":"https:\/\/www.pilimodpilise.com\/#organization","name":"P\u0130L\u0130MOD P\u0130L\u0130SE","url":"https:\/\/www.pilimodpilise.com\/","sameAs":["https:\/\/tr-tr.facebook.com\/pilimodpilise2021","https:\/\/www.instagram.com\/pilimod_pilise\/","https:\/\/www.linkedin.com\/company\/pilimodpilise","https:\/\/www.youtube.com\/channel\/UCWwyZ14bKNoIj6CisW44Hsw\/videos"],"logo":{"@type":"ImageObject","@id":"https:\/\/www.pilimodpilise.com\/#logo","inLanguage":"tr","url":"http:\/\/www.pilimodpilise.com\/wp-content\/uploads\/2021\/06\/pilimod_logo1.png","contentUrl":"http:\/\/www.pilimodpilise.com\/wp-content\/uploads\/2021\/06\/pilimod_logo1.png","width":1081,"height":695,"caption":"P\u0130L\u0130MOD P\u0130L\u0130SE"},"image":{"@id":"https:\/\/www.pilimodpilise.com\/#logo"}},{"@type":"WebSite","@id":"https:\/\/www.pilimodpilise.com\/#website","url":"https:\/\/www.pilimodpilise.com\/","name":"P\u0130L\u0130MOD P\u0130L\u0130SE","description":"P\u0130L\u0130MOD P\u0130L\u0130SE","publisher":{"@id":"https:\/\/www.pilimodpilise.com\/#organization"},"potentialAction":[{"@type":"SearchAction","target":{"@type":"EntryPoint","urlTemplate":"https:\/\/www.pilimodpilise.com\/?s={search_term_string}"},"query-input":"required name=search_term_string"}],"inLanguage":"tr"},{"@type":"ImageObject","@id":"https:\/\/www.pilimodpilise.com\/index.php\/iletisim\/#primaryimage","inLanguage":"tr","url":"http:\/\/pilise.mekis.online\/wp-content\/themes\/neve\/assets\/img\/starter-content\/icon-05.svg","contentUrl":"http:\/\/pilise.mekis.online\/wp-content\/themes\/neve\/assets\/img\/starter-content\/icon-05.svg"},{"@type":"WebPage","@id":"https:\/\/www.pilimodpilise.com\/index.php\/iletisim\/#webpage","url":"https:\/\/www.pilimodpilise.com\/index.php\/iletisim\/","name":"\u0130leti\u015fim - P\u0130L\u0130MOD P\u0130L\u0130SE","isPartOf":{"@id":"https:\/\/www.pilimodpilise.com\/#website"},"primaryImageOfPage":{"@id":"https:\/\/www.pilimodpilise.com\/index.php\/iletisim\/#primaryimage"},"datePublished":"2020-02-26T08:48:48+00:00","dateModified":"2021-08-08T12:02:42+00:00","description":"#Pilimod #pilimod #pilise #plise #piliiise #d\u00fczpilise #dikpilise #zikzakpilise #b\u00fczg\u00fcpilise #t\u0131rnakpilise #krinklepilise #perdepilise #pilika\u015fe #lazerkesim #pilisoleyve\u00e7e\u015fitleri #\u00f6zelkal\u0131pmodelleri #kra\u015fmodelleri #d\u00fcz #dik #zikzak #b\u00fczg\u00fc #t\u0131rnak #krinkle #perde #pilikase #lazer #pilisoleyi #\u00f6zel #kra\u015f","breadcrumb":{"@id":"https:\/\/www.pilimodpilise.com\/index.php\/iletisim\/#breadcrumb"},"inLanguage":"tr","potentialAction":[{"@type":"ReadAction","target":["https:\/\/www.pilimodpilise.com\/index.php\/iletisim\/"]}]},{"@type":"BreadcrumbList","@id":"https:\/\/www.pilimodpilise.com\/index.php\/iletisim\/#breadcrumb","itemListElement":[{"@type":"ListItem","position":1,"name":"Anasayfa","item":"https:\/\/www.pilimodpilise.com\/"},{"@type":"ListItem","position":2,"name":"\u0130leti\u015fim"}]}]}},"_links":{"self":[{"href":"https:\/\/www.pilimodpilise.com\/index.php\/wp-json\/wp\/v2\/pages\/174"}],"collection":[{"href":"https:\/\/www.pilimodpilise.com\/index.php\/wp-json\/wp\/v2\/pages"}],"about":[{"href":"https:\/\/www.pilimodpilise.com\/index.php\/wp-json\/wp\/v2\/types\/page"}],"author":[{"embeddable":true,"href":"https:\/\/www.pilimodpilise.com\/index.php\/wp-json\/wp\/v2\/users\/1"}],"replies":[{"embeddable":true,"href":"https:\/\/www.pilimodpilise.com\/index.php\/wp-json\/wp\/v2\/comments?post=174"}],"version-history":[{"count":3,"href":"https:\/\/www.pilimodpilise.com\/index.php\/wp-json\/wp\/v2\/pages\/174\/revisions"}],"predecessor-version":[{"id":381,"href":"https:\/\/www.pilimodpilise.com\/index.php\/wp-json\/wp\/v2\/pages\/174\/revisions\/381"}],"wp:attachment":[{"href":"https:\/\/www.pilimodpilise.com\/index.php\/wp-json\/wp\/v2\/media?parent=174"}],"curies":[{"name":"wp","href":"https:\/\/api.w.org\/{rel}","templated":true}]}}