{"id":161,"date":"2020-02-26T09:07:17","date_gmt":"2020-02-26T06:07:17","guid":{"rendered":"https:\/\/demosites.io\/lawyers-gb\/?page_id=161"},"modified":"2021-08-08T15:01:57","modified_gmt":"2021-08-08T12:01:57","slug":"hakkimizda","status":"publish","type":"page","link":"https:\/\/www.pilimodpilise.com\/index.php\/hakkimizda\/","title":{"rendered":"Hakk\u0131m\u0131zda"},"content":{"rendered":"\n<div class=\"wp-block-cover alignfull has-nv-light-bg-background-color has-background-dim\" style=\"min-height:600px\"><div class=\"wp-block-cover__inner-container\">\n<div class=\"wp-block-group\"><div class=\"wp-block-group__inner-container\">\n<div style=\"height:80px\" aria-hidden=\"true\" class=\"wp-block-spacer\"><\/div>\n\n\n\n<div class=\"wp-block-columns are-vertically-aligned-center\">\n<div class=\"wp-block-column is-vertically-aligned-center\" style=\"flex-basis:50%\">\n<figure class=\"wp-block-image size-large\"><img src=\"http:\/\/pilise.mekis.online\/wp-content\/uploads\/2021\/05\/moowon-pleating-textiles-fashion-artisans-crafts-handmade-maison-du-pli-anne-laure-camilleri-6-2-1024x680.jpg\" alt=\"\" class=\"wp-image-247\"\/><\/figure>\n<\/div>\n\n\n\n<div class=\"wp-block-column is-vertically-aligned-center\" style=\"flex-basis:50%\">\n<h2 class=\"has-text-align-center has-neve-text-color-color has-text-color\">Hakk\u0131m\u0131zda<\/h2>\n\n\n\n<p class=\"has-text-align-center has-neve-text-color-color has-text-color has-medium-font-size\">P\u0130L\u0130MOD P\u0130L\u0130SE 20 pilise,2 perde pilise, 4 Lazer kesim, 2 kra\u015f katlama, 4 pres bask\u0131, 2 kal\u0131p yap\u0131m makinesi ve geni\u015f kal\u0131p yelpazesi ile tekstil ve haz\u0131r giyim sekt\u00f6r\u00fcn\u00fcn \u00f6nde gelen firmalar\u0131na hizmet vermektedir.<\/p>\n\n\n\n<p class=\"has-text-align-center has-neve-text-color-color has-text-color\">P\u0130L\u0130MOD P\u0130L\u0130SE, pilise sekt\u00f6r\u00fcn\u00fcn sayg\u0131n ve k\u00f6kl\u00fc kurumlar\u0131ndan biridir. 1983 y\u0131l\u0131ndan bu yana faaliyette olan firmam\u0131z 1991 y\u0131l\u0131nda \u015firketle\u015fmi\u015f olup pilise, lazer kesim, kra\u015f, pilisoley, bask\u0131l\u0131 pilise ve pilisoley \u00e7e\u015fitleri, perde ve d\u00f6\u015femelik kuma\u015fta pilise ve \u00f6zel tasar\u0131m pilise\u2019 de iddias\u0131n\u0131 s\u00fcrd\u00fcrmekte ve \u00fcretim band\u0131n\u0131 otomasyon sistemleri ile desteklemektedir.<\/p>\n\n\n\n<p class=\"has-text-align-center has-neve-text-color-color has-text-color\">\u00d6zel tasar\u0131m pilise de s\u0131n\u0131r\u0131m\u0131z hayal g\u00fcc\u00fcn\u00fczd\u00fcr. Kararl\u0131 ve istikrarl\u0131 b\u00fcy\u00fcme s\u00fcrecimizin bir sonucu olarak 2004 y\u0131l\u0131ndan bu yana K\u00e2\u011f\u0131thane\u2019 de 800m2 kapal\u0131 alana sahip 3 katl\u0131 binam\u0131zda hizmet vermekteyiz.<\/p>\n<\/div>\n<\/div>\n<\/div><\/div>\n\n\n\n<p><\/p>\n<\/div><\/div>\n\n\n\n<div class=\"wp-block-cover alignfull has-nv-site-bg-background-color has-background-dim\" style=\"min-height:420px\"><div class=\"wp-block-cover__inner-container\">\n<div class=\"wp-block-columns\">\n<div class=\"wp-block-column ticss-4ce656f1\">\n<div class=\"wp-block-image icon-style is-style-rounded\"><figure class=\"aligncenter is-resized\"><img loading=\"lazy\" src=\"http:\/\/pilise.mekis.online\/wp-content\/themes\/neve\/assets\/img\/starter-content\/icon-03.svg\" alt=\"\" width=\"48\" height=\"48\"\/><\/figure><\/div>\n\n\n\n<h3 class=\"has-text-align-center has-neve-text-color-color has-text-color\">M\u00fc\u015fteri Memnuniyeti<\/h3>\n\n\n\n<p class=\"has-text-align-center has-neve-text-color-color has-text-color\" style=\"font-size:15px\">Y\u00fczde y\u00fcz m\u00fc\u015fteri memnuniyeti odakl\u0131 olan \u00e7al\u0131\u015fma prensibimiz ile daima sekt\u00f6r\u00fcn en g\u00fcvenilir markas\u0131 olmaya devam ediyoruz.<\/p>\n\n\n\n<div style=\"height:20px\" aria-hidden=\"true\" class=\"wp-block-spacer\"><\/div>\n<\/div>\n\n\n\n<div class=\"wp-block-column ticss-f6fc7494\">\n<div class=\"wp-block-image icon-style is-style-rounded\"><figure class=\"aligncenter is-resized\"><img loading=\"lazy\" src=\"http:\/\/pilise.mekis.online\/wp-content\/themes\/neve\/assets\/img\/starter-content\/icon-03.svg\" alt=\"\" width=\"48\" height=\"48\"\/><\/figure><\/div>\n\n\n\n<h3 class=\"has-text-align-center has-neve-text-color-color has-text-color\">\u00dcr\u00fcn \u00c7e\u015fitlili\u011fi<\/h3>\n\n\n\n<p class=\"has-text-align-center has-neve-text-color-color has-text-color\" style=\"font-size:15px\">S\u00fcrekli geli\u015fiyor, hayal ediyor ve \u00fcretiyoruz. \u00dcr\u00fcn \u00e7e\u015fitlili\u011fimizin bu kadar zengin olmas\u0131n\u0131n en b\u00fcy\u00fck kayna\u011f\u0131 hala g\u00fcc\u00fcm\u00fcz ve geli\u015fime olan inanc\u0131m\u0131z.<\/p>\n\n\n\n<div style=\"height:20px\" aria-hidden=\"true\" class=\"wp-block-spacer\"><\/div>\n<\/div>\n\n\n\n<div class=\"wp-block-column ticss-a5b4df29\">\n<div class=\"wp-block-image icon-style is-style-rounded\"><figure class=\"aligncenter is-resized\"><img loading=\"lazy\" src=\"http:\/\/pilise.mekis.online\/wp-content\/themes\/neve\/assets\/img\/starter-content\/icon-03.svg\" alt=\"\" width=\"48\" height=\"48\"\/><\/figure><\/div>\n\n\n\n<h3 class=\"has-text-align-center has-neve-text-color-color has-text-color\">Uzman Kadro<\/h3>\n\n\n\n<p class=\"has-text-align-center has-neve-text-color-color has-text-color\" style=\"font-size:15px\">Uzman ekibimiz ve s\u00fcrekli e\u011fitimlerle desteklene kalite standartlar\u0131m\u0131z\u0131n birle\u015fimi sonucu en kaliteli \u00fcr\u00fcnlerimiz ile modaya y\u00f6n veriyoruz.<\/p>\n\n\n\n<div style=\"height:20px\" aria-hidden=\"true\" class=\"wp-block-spacer\"><\/div>\n<\/div>\n<\/div>\n\n\n\n<div style=\"height:30px\" aria-hidden=\"true\" class=\"wp-block-spacer\"><\/div>\n<\/div><\/div>\n\n\n\n<div class=\"wp-block-cover alignfull has-nv-light-bg-background-color has-background-dim\" style=\"min-height:281px\"><div class=\"wp-block-cover__inner-container\">\n<div class=\"wp-block-group\"><div class=\"wp-block-group__inner-container\">\n<div class=\"wp-block-columns\">\n<div class=\"wp-block-column\">\n<h3 class=\"has-text-align-center has-neve-text-color-color has-text-color\">Vizyonumuz<\/h3>\n\n\n\n<p class=\"has-text-align-center has-neve-text-color-color has-text-color\">Kuruldu\u011fumuz g\u00fcnden beri m\u00fc\u015fterilerimize en \u00fcst\u00fcn hizmet ve zengin \u00fcr\u00fcn \u00e7e\u015fitlili\u011fini sa\u011flamak.<\/p>\n<\/div>\n\n\n\n<div class=\"wp-block-column\">\n<h3 class=\"has-text-align-center has-neve-text-color-color has-text-color\">Misyonumuz<\/h3>\n\n\n\n<p class=\"has-text-align-center has-neve-text-color-color has-text-color\">S\u00fcrd\u00fcr\u00fclebilir, i\u015f g\u00fcvenli\u011fi odakl\u0131 ve \u00e7evreye duyarl\u0131 \u00e7al\u0131\u015fma prensiplerimiz ile modaya y\u00f6n vermek.<\/p>\n<\/div>\n<\/div>\n\n\n\n<p><\/p>\n<\/div><\/div>\n\n\n\n<p><\/p>\n<\/div><\/div>\n","protected":false},"excerpt":{"rendered":"","protected":false},"author":1,"featured_media":0,"parent":0,"menu_order":0,"comment_status":"closed","ping_status":"closed","template":"page-templates\/template-pagebuilder-full-width.php","meta":{"_ti_tpc_template_sync":false,"_ti_tpc_template_id":"i7tlnq478aqo7lgacppt"},"yoast_head":"<!-- This site is optimized with the Yoast SEO plugin v16.8 - https:\/\/yoast.com\/wordpress\/plugins\/seo\/ -->\r\n<title>Hakk\u0131m\u0131zda - P\u0130L\u0130MOD P\u0130L\u0130SE<\/title>\r\n<meta name=\"description\" content=\"#Pilimod #pilimod #pilise #plise #piliiise #d\u00fczpilise #dikpilise #zikzakpilise #b\u00fczg\u00fcpilise #t\u0131rnakpilise #krinklepilise #perdepilise #pilika\u015fe #lazerkesim #pilisoleyve\u00e7e\u015fitleri #\u00f6zelkal\u0131pmodelleri #kra\u015fmodelleri #d\u00fcz #dik #zikzak #b\u00fczg\u00fc #t\u0131rnak #krinkle #perde #pilikase #lazer #pilisoleyi #\u00f6zel #kra\u015f\" \/>\r\n<meta name=\"robots\" content=\"index, follow, max-snippet:-1, max-image-preview:large, max-video-preview:-1\" \/>\r\n<link rel=\"canonical\" href=\"https:\/\/www.pilimodpilise.com\/index.php\/hakkimizda\/\" \/>\r\n<meta property=\"og:locale\" content=\"tr_TR\" \/>\r\n<meta property=\"og:type\" content=\"article\" \/>\r\n<meta property=\"og:title\" content=\"Hakk\u0131m\u0131zda - P\u0130L\u0130MOD P\u0130L\u0130SE\" \/>\r\n<meta property=\"og:description\" content=\"#Pilimod #pilimod #pilise #plise #piliiise #d\u00fczpilise #dikpilise #zikzakpilise #b\u00fczg\u00fcpilise #t\u0131rnakpilise #krinklepilise #perdepilise #pilika\u015fe #lazerkesim #pilisoleyve\u00e7e\u015fitleri #\u00f6zelkal\u0131pmodelleri #kra\u015fmodelleri #d\u00fcz #dik #zikzak #b\u00fczg\u00fc #t\u0131rnak #krinkle #perde #pilikase #lazer #pilisoleyi #\u00f6zel #kra\u015f\" \/>\r\n<meta property=\"og:url\" content=\"https:\/\/www.pilimodpilise.com\/index.php\/hakkimizda\/\" \/>\r\n<meta property=\"og:site_name\" content=\"P\u0130L\u0130MOD P\u0130L\u0130SE\" \/>\r\n<meta property=\"article:publisher\" content=\"https:\/\/tr-tr.facebook.com\/pilimodpilise2021\" \/>\r\n<meta property=\"article:modified_time\" content=\"2021-08-08T12:01:57+00:00\" \/>\r\n<meta property=\"og:image\" content=\"http:\/\/pilise.mekis.online\/wp-content\/uploads\/2021\/05\/moowon-pleating-textiles-fashion-artisans-crafts-handmade-maison-du-pli-anne-laure-camilleri-6-2-1024x680.jpg\" \/>\r\n<meta name=\"twitter:card\" content=\"summary_large_image\" \/>\r\n<meta name=\"twitter:label1\" content=\"Tahmini okuma s\u00fcresi\" \/>\n\t<meta name=\"twitter:data1\" content=\"2 dakika\" \/>\r\n<script type=\"application\/ld+json\" class=\"yoast-schema-graph\">{\"@context\":\"https:\/\/schema.org\",\"@graph\":[{\"@type\":\"Organization\",\"@id\":\"https:\/\/www.pilimodpilise.com\/#organization\",\"name\":\"P\\u0130L\\u0130MOD P\\u0130L\\u0130SE\",\"url\":\"https:\/\/www.pilimodpilise.com\/\",\"sameAs\":[\"https:\/\/tr-tr.facebook.com\/pilimodpilise2021\",\"https:\/\/www.instagram.com\/pilimod_pilise\/\",\"https:\/\/www.linkedin.com\/company\/pilimodpilise\",\"https:\/\/www.youtube.com\/channel\/UCWwyZ14bKNoIj6CisW44Hsw\/videos\"],\"logo\":{\"@type\":\"ImageObject\",\"@id\":\"https:\/\/www.pilimodpilise.com\/#logo\",\"inLanguage\":\"tr\",\"url\":\"http:\/\/www.pilimodpilise.com\/wp-content\/uploads\/2021\/06\/pilimod_logo1.png\",\"contentUrl\":\"http:\/\/www.pilimodpilise.com\/wp-content\/uploads\/2021\/06\/pilimod_logo1.png\",\"width\":1081,\"height\":695,\"caption\":\"P\\u0130L\\u0130MOD P\\u0130L\\u0130SE\"},\"image\":{\"@id\":\"https:\/\/www.pilimodpilise.com\/#logo\"}},{\"@type\":\"WebSite\",\"@id\":\"https:\/\/www.pilimodpilise.com\/#website\",\"url\":\"https:\/\/www.pilimodpilise.com\/\",\"name\":\"P\\u0130L\\u0130MOD P\\u0130L\\u0130SE\",\"description\":\"P\\u0130L\\u0130MOD P\\u0130L\\u0130SE\",\"publisher\":{\"@id\":\"https:\/\/www.pilimodpilise.com\/#organization\"},\"potentialAction\":[{\"@type\":\"SearchAction\",\"target\":{\"@type\":\"EntryPoint\",\"urlTemplate\":\"https:\/\/www.pilimodpilise.com\/?s={search_term_string}\"},\"query-input\":\"required name=search_term_string\"}],\"inLanguage\":\"tr\"},{\"@type\":\"ImageObject\",\"@id\":\"https:\/\/www.pilimodpilise.com\/index.php\/hakkimizda\/#primaryimage\",\"inLanguage\":\"tr\",\"url\":\"http:\/\/pilise.mekis.online\/wp-content\/uploads\/2021\/05\/moowon-pleating-textiles-fashion-artisans-crafts-handmade-maison-du-pli-anne-laure-camilleri-6-2-1024x680.jpg\",\"contentUrl\":\"http:\/\/pilise.mekis.online\/wp-content\/uploads\/2021\/05\/moowon-pleating-textiles-fashion-artisans-crafts-handmade-maison-du-pli-anne-laure-camilleri-6-2-1024x680.jpg\"},{\"@type\":\"WebPage\",\"@id\":\"https:\/\/www.pilimodpilise.com\/index.php\/hakkimizda\/#webpage\",\"url\":\"https:\/\/www.pilimodpilise.com\/index.php\/hakkimizda\/\",\"name\":\"Hakk\\u0131m\\u0131zda - P\\u0130L\\u0130MOD P\\u0130L\\u0130SE\",\"isPartOf\":{\"@id\":\"https:\/\/www.pilimodpilise.com\/#website\"},\"primaryImageOfPage\":{\"@id\":\"https:\/\/www.pilimodpilise.com\/index.php\/hakkimizda\/#primaryimage\"},\"datePublished\":\"2020-02-26T06:07:17+00:00\",\"dateModified\":\"2021-08-08T12:01:57+00:00\",\"description\":\"#Pilimod #pilimod #pilise #plise #piliiise #d\\u00fczpilise #dikpilise #zikzakpilise #b\\u00fczg\\u00fcpilise #t\\u0131rnakpilise #krinklepilise #perdepilise #pilika\\u015fe #lazerkesim #pilisoleyve\\u00e7e\\u015fitleri #\\u00f6zelkal\\u0131pmodelleri #kra\\u015fmodelleri #d\\u00fcz #dik #zikzak #b\\u00fczg\\u00fc #t\\u0131rnak #krinkle #perde #pilikase #lazer #pilisoleyi #\\u00f6zel #kra\\u015f\",\"breadcrumb\":{\"@id\":\"https:\/\/www.pilimodpilise.com\/index.php\/hakkimizda\/#breadcrumb\"},\"inLanguage\":\"tr\",\"potentialAction\":[{\"@type\":\"ReadAction\",\"target\":[\"https:\/\/www.pilimodpilise.com\/index.php\/hakkimizda\/\"]}]},{\"@type\":\"BreadcrumbList\",\"@id\":\"https:\/\/www.pilimodpilise.com\/index.php\/hakkimizda\/#breadcrumb\",\"itemListElement\":[{\"@type\":\"ListItem\",\"position\":1,\"name\":\"Anasayfa\",\"item\":\"https:\/\/www.pilimodpilise.com\/\"},{\"@type\":\"ListItem\",\"position\":2,\"name\":\"Hakk\\u0131m\\u0131zda\"}]}]}<\/script>\r\n<!-- \/ Yoast SEO plugin. -->","yoast_head_json":{"title":"Hakk\u0131m\u0131zda - P\u0130L\u0130MOD P\u0130L\u0130SE","description":"#Pilimod #pilimod #pilise #plise #piliiise #d\u00fczpilise #dikpilise #zikzakpilise #b\u00fczg\u00fcpilise #t\u0131rnakpilise #krinklepilise #perdepilise #pilika\u015fe #lazerkesim #pilisoleyve\u00e7e\u015fitleri #\u00f6zelkal\u0131pmodelleri #kra\u015fmodelleri #d\u00fcz #dik #zikzak #b\u00fczg\u00fc #t\u0131rnak #krinkle #perde #pilikase #lazer #pilisoleyi #\u00f6zel #kra\u015f","robots":{"index":"index","follow":"follow","max-snippet":"max-snippet:-1","max-image-preview":"max-image-preview:large","max-video-preview":"max-video-preview:-1"},"canonical":"https:\/\/www.pilimodpilise.com\/index.php\/hakkimizda\/","og_locale":"tr_TR","og_type":"article","og_title":"Hakk\u0131m\u0131zda - P\u0130L\u0130MOD P\u0130L\u0130SE","og_description":"#Pilimod #pilimod #pilise #plise #piliiise #d\u00fczpilise #dikpilise #zikzakpilise #b\u00fczg\u00fcpilise #t\u0131rnakpilise #krinklepilise #perdepilise #pilika\u015fe #lazerkesim #pilisoleyve\u00e7e\u015fitleri #\u00f6zelkal\u0131pmodelleri #kra\u015fmodelleri #d\u00fcz #dik #zikzak #b\u00fczg\u00fc #t\u0131rnak #krinkle #perde #pilikase #lazer #pilisoleyi #\u00f6zel #kra\u015f","og_url":"https:\/\/www.pilimodpilise.com\/index.php\/hakkimizda\/","og_site_name":"P\u0130L\u0130MOD P\u0130L\u0130SE","article_publisher":"https:\/\/tr-tr.facebook.com\/pilimodpilise2021","article_modified_time":"2021-08-08T12:01:57+00:00","og_image":[{"url":"http:\/\/pilise.mekis.online\/wp-content\/uploads\/2021\/05\/moowon-pleating-textiles-fashion-artisans-crafts-handmade-maison-du-pli-anne-laure-camilleri-6-2-1024x680.jpg"}],"twitter_card":"summary_large_image","twitter_misc":{"Tahmini okuma s\u00fcresi":"2 dakika"},"schema":{"@context":"https:\/\/schema.org","@graph":[{"@type":"Organization","@id":"https:\/\/www.pilimodpilise.com\/#organization","name":"P\u0130L\u0130MOD P\u0130L\u0130SE","url":"https:\/\/www.pilimodpilise.com\/","sameAs":["https:\/\/tr-tr.facebook.com\/pilimodpilise2021","https:\/\/www.instagram.com\/pilimod_pilise\/","https:\/\/www.linkedin.com\/company\/pilimodpilise","https:\/\/www.youtube.com\/channel\/UCWwyZ14bKNoIj6CisW44Hsw\/videos"],"logo":{"@type":"ImageObject","@id":"https:\/\/www.pilimodpilise.com\/#logo","inLanguage":"tr","url":"http:\/\/www.pilimodpilise.com\/wp-content\/uploads\/2021\/06\/pilimod_logo1.png","contentUrl":"http:\/\/www.pilimodpilise.com\/wp-content\/uploads\/2021\/06\/pilimod_logo1.png","width":1081,"height":695,"caption":"P\u0130L\u0130MOD P\u0130L\u0130SE"},"image":{"@id":"https:\/\/www.pilimodpilise.com\/#logo"}},{"@type":"WebSite","@id":"https:\/\/www.pilimodpilise.com\/#website","url":"https:\/\/www.pilimodpilise.com\/","name":"P\u0130L\u0130MOD P\u0130L\u0130SE","description":"P\u0130L\u0130MOD P\u0130L\u0130SE","publisher":{"@id":"https:\/\/www.pilimodpilise.com\/#organization"},"potentialAction":[{"@type":"SearchAction","target":{"@type":"EntryPoint","urlTemplate":"https:\/\/www.pilimodpilise.com\/?s={search_term_string}"},"query-input":"required name=search_term_string"}],"inLanguage":"tr"},{"@type":"ImageObject","@id":"https:\/\/www.pilimodpilise.com\/index.php\/hakkimizda\/#primaryimage","inLanguage":"tr","url":"http:\/\/pilise.mekis.online\/wp-content\/uploads\/2021\/05\/moowon-pleating-textiles-fashion-artisans-crafts-handmade-maison-du-pli-anne-laure-camilleri-6-2-1024x680.jpg","contentUrl":"http:\/\/pilise.mekis.online\/wp-content\/uploads\/2021\/05\/moowon-pleating-textiles-fashion-artisans-crafts-handmade-maison-du-pli-anne-laure-camilleri-6-2-1024x680.jpg"},{"@type":"WebPage","@id":"https:\/\/www.pilimodpilise.com\/index.php\/hakkimizda\/#webpage","url":"https:\/\/www.pilimodpilise.com\/index.php\/hakkimizda\/","name":"Hakk\u0131m\u0131zda - P\u0130L\u0130MOD P\u0130L\u0130SE","isPartOf":{"@id":"https:\/\/www.pilimodpilise.com\/#website"},"primaryImageOfPage":{"@id":"https:\/\/www.pilimodpilise.com\/index.php\/hakkimizda\/#primaryimage"},"datePublished":"2020-02-26T06:07:17+00:00","dateModified":"2021-08-08T12:01:57+00:00","description":"#Pilimod #pilimod #pilise #plise #piliiise #d\u00fczpilise #dikpilise #zikzakpilise #b\u00fczg\u00fcpilise #t\u0131rnakpilise #krinklepilise #perdepilise #pilika\u015fe #lazerkesim #pilisoleyve\u00e7e\u015fitleri #\u00f6zelkal\u0131pmodelleri #kra\u015fmodelleri #d\u00fcz #dik #zikzak #b\u00fczg\u00fc #t\u0131rnak #krinkle #perde #pilikase #lazer #pilisoleyi #\u00f6zel #kra\u015f","breadcrumb":{"@id":"https:\/\/www.pilimodpilise.com\/index.php\/hakkimizda\/#breadcrumb"},"inLanguage":"tr","potentialAction":[{"@type":"ReadAction","target":["https:\/\/www.pilimodpilise.com\/index.php\/hakkimizda\/"]}]},{"@type":"BreadcrumbList","@id":"https:\/\/www.pilimodpilise.com\/index.php\/hakkimizda\/#breadcrumb","itemListElement":[{"@type":"ListItem","position":1,"name":"Anasayfa","item":"https:\/\/www.pilimodpilise.com\/"},{"@type":"ListItem","position":2,"name":"Hakk\u0131m\u0131zda"}]}]}},"_links":{"self":[{"href":"https:\/\/www.pilimodpilise.com\/index.php\/wp-json\/wp\/v2\/pages\/161"}],"collection":[{"href":"https:\/\/www.pilimodpilise.com\/index.php\/wp-json\/wp\/v2\/pages"}],"about":[{"href":"https:\/\/www.pilimodpilise.com\/index.php\/wp-json\/wp\/v2\/types\/page"}],"author":[{"embeddable":true,"href":"https:\/\/www.pilimodpilise.com\/index.php\/wp-json\/wp\/v2\/users\/1"}],"replies":[{"embeddable":true,"href":"https:\/\/www.pilimodpilise.com\/index.php\/wp-json\/wp\/v2\/comments?post=161"}],"version-history":[{"count":5,"href":"https:\/\/www.pilimodpilise.com\/index.php\/wp-json\/wp\/v2\/pages\/161\/revisions"}],"predecessor-version":[{"id":666,"href":"https:\/\/www.pilimodpilise.com\/index.php\/wp-json\/wp\/v2\/pages\/161\/revisions\/666"}],"wp:attachment":[{"href":"https:\/\/www.pilimodpilise.com\/index.php\/wp-json\/wp\/v2\/media?parent=161"}],"curies":[{"name":"wp","href":"https:\/\/api.w.org\/{rel}","templated":true}]}}