{"id":2,"date":"2021-06-18T14:41:15","date_gmt":"2021-06-18T11:41:15","guid":{"rendered":"http:\/\/www.pilimodpilise.com\/en\/?page_id=2"},"modified":"2021-08-03T22:44:59","modified_gmt":"2021-08-03T19:44:59","slug":"about","status":"publish","type":"page","link":"https:\/\/www.pilimodpilise.com\/en\/index.php\/about\/","title":{"rendered":"About Us"},"content":{"rendered":"\n<div class=\"wp-block-cover alignfull has-nv-light-bg-background-color has-background-dim\" style=\"min-height:600px\"><div class=\"wp-block-cover__inner-container\">\n<div class=\"wp-block-group\"><div class=\"wp-block-group__inner-container\">\n<div style=\"height:80px\" aria-hidden=\"true\" class=\"wp-block-spacer\"><\/div>\n\n\n\n<div class=\"wp-block-columns are-vertically-aligned-center\">\n<div class=\"wp-block-column is-vertically-aligned-center\" style=\"flex-basis:50%\">\n<figure class=\"wp-block-image size-large\"><img src=\"http:\/\/pilise.mekis.online\/wp-content\/uploads\/2021\/05\/moowon-pleating-textiles-fashion-artisans-crafts-handmade-maison-du-pli-anne-laure-camilleri-6-2-1024x680.jpg\" alt=\"\" class=\"wp-image-247\"\/><\/figure>\n<\/div>\n\n\n\n<div class=\"wp-block-column is-vertically-aligned-center\" style=\"flex-basis:50%\">\n<h2 class=\"has-text-align-center has-neve-text-color-color has-text-color\">About US<\/h2>\n\n\n\n<p class=\"has-text-align-center has-neve-text-color-color has-text-color has-medium-font-size\"><strong><em>P\u0130L\u0130MOD P\u0130L\u0130SE serves the leading companies of the textile and ready wear sector with its 20 pleats, 2 curtain pleats, 4 laser cutting, 2 crease folding, 4 press printing, 2 mold making machines and a wide range of molds.<\/em><\/strong><\/p>\n\n\n\n<p class=\"has-text-align-center has-neve-text-color-color has-text-color\"><strong><em>P\u0130L\u0130MOD P\u0130L\u0130SE is one of the respected and well-established institutions of the pleat sector. Our company, which has been operating since 1983, was incorporated in 1991 and maintains its ambition in pleats, laser cutting, crass, pleats, printed pleats and pilisoley varieties, pleats in curtain and upholstery fabrics and custom design pleats, and supports the production line with automation systems.<\/em><\/strong><\/p>\n\n\n\n<p class=\"has-text-align-center has-neve-text-color-color has-text-color\"><strong><em>Our limit in custom design pilise is your imagination. As a result of our stable and stable growth process, we have been serving in our 3-storey building with a closed area of 800 m2 in Ka\u011f\u0131thane since 2004.<\/em><\/strong><\/p>\n<\/div>\n<\/div>\n<\/div><\/div>\n\n\n\n<p><\/p>\n<\/div><\/div>\n\n\n\n<div class=\"wp-block-cover alignfull has-nv-site-bg-background-color has-background-dim\" style=\"min-height:420px\"><div class=\"wp-block-cover__inner-container\">\n<div class=\"wp-block-columns\">\n<div class=\"wp-block-column ticss-4ce656f1\">\n<div class=\"wp-block-image icon-style is-style-rounded\"><figure class=\"aligncenter is-resized\"><img loading=\"lazy\" src=\"http:\/\/pilise.mekis.online\/wp-content\/themes\/neve\/assets\/img\/starter-content\/icon-03.svg\" alt=\"\" width=\"48\" height=\"48\"\/><\/figure><\/div>\n\n\n\n<h3 class=\"has-text-align-center has-neve-text-color-color has-text-color\"><strong><em>Customer Satisfaction<\/em><\/strong><\/h3>\n\n\n\n<p class=\"has-text-align-center has-neve-text-color-color has-text-color\" style=\"font-size:15px\"><strong><em>We continue to be the most reliable brand in the industry with our working principle focused on 100% customer satisfaction.<\/em><\/strong><\/p>\n\n\n\n<div style=\"height:20px\" aria-hidden=\"true\" class=\"wp-block-spacer\"><\/div>\n<\/div>\n\n\n\n<div class=\"wp-block-column ticss-f6fc7494\">\n<div class=\"wp-block-image icon-style is-style-rounded\"><figure class=\"aligncenter is-resized\"><img loading=\"lazy\" src=\"http:\/\/pilise.mekis.online\/wp-content\/themes\/neve\/assets\/img\/starter-content\/icon-03.svg\" alt=\"\" width=\"48\" height=\"48\"\/><\/figure><\/div>\n\n\n\n<h3 class=\"has-text-align-center has-neve-text-color-color has-text-color\"><strong><em>Product Variety<\/em><\/strong><\/h3>\n\n\n\n<p class=\"has-text-align-center has-neve-text-color-color has-text-color\" style=\"font-size:15px\"><strong><em>We are constantly developing, imaging and producing. The biggest source of our product variety being so rich is our imagination and our belief in development.<\/em><\/strong><\/p>\n\n\n\n<div style=\"height:20px\" aria-hidden=\"true\" class=\"wp-block-spacer\"><\/div>\n<\/div>\n\n\n\n<div class=\"wp-block-column ticss-a5b4df29\">\n<div class=\"wp-block-image icon-style is-style-rounded\"><figure class=\"aligncenter is-resized\"><img loading=\"lazy\" src=\"http:\/\/pilise.mekis.online\/wp-content\/themes\/neve\/assets\/img\/starter-content\/icon-03.svg\" alt=\"\" width=\"48\" height=\"48\"\/><\/figure><\/div>\n\n\n\n<h3 class=\"has-text-align-center has-neve-text-color-color has-text-color\"><strong><em>Experienced Staff<\/em><\/strong><\/h3>\n\n\n\n<p class=\"has-text-align-center has-neve-text-color-color has-text-color\" style=\"font-size:15px\"><strong><em>As a result of the combination of our quality standards supported by our expert team and continuous training, we direct the fashion with our best quality products.<\/em><\/strong><\/p>\n\n\n\n<div style=\"height:20px\" aria-hidden=\"true\" class=\"wp-block-spacer\"><\/div>\n<\/div>\n<\/div>\n\n\n\n<div style=\"height:30px\" aria-hidden=\"true\" class=\"wp-block-spacer\"><\/div>\n<\/div><\/div>\n\n\n\n<div class=\"wp-block-cover alignfull has-nv-light-bg-background-color has-background-dim\" style=\"min-height:281px\"><div class=\"wp-block-cover__inner-container\">\n<div class=\"wp-block-group\"><div class=\"wp-block-group__inner-container\">\n<div class=\"wp-block-columns\">\n<div class=\"wp-block-column\">\n<h3 class=\"has-text-align-center has-neve-text-color-color has-text-color\"><strong><em>Our Vision<\/em><\/strong><\/h3>\n\n\n\n<p class=\"has-text-align-center has-neve-text-color-color has-text-color\"><strong><em>To provide our customers with the most superior service and rich product range since the day we were founded.<\/em><\/strong><\/p>\n<\/div>\n\n\n\n<div class=\"wp-block-column\">\n<h3 class=\"has-text-align-center has-neve-text-color-color has-text-color\"><strong><em>Our Mission<\/em><\/strong><\/h3>\n\n\n\n<p class=\"has-text-align-center has-neve-text-color-color has-text-color\"><strong><em>To direct fashion with our sustainable, occupational safety oriented and environmentally friendly working principles.<\/em><\/strong><\/p>\n<\/div>\n<\/div>\n\n\n\n<p><\/p>\n<\/div><\/div>\n\n\n\n<p><\/p>\n<\/div><\/div>\n","protected":false},"excerpt":{"rendered":"","protected":false},"author":1,"featured_media":0,"parent":0,"menu_order":0,"comment_status":"closed","ping_status":"closed","template":"page-templates\/template-pagebuilder-full-width.php","meta":{"neve_meta_sidebar":"","neve_meta_container":"","neve_meta_enable_content_width":"","neve_meta_content_width":0,"neve_meta_title_alignment":"","neve_meta_author_avatar":"","neve_post_elements_order":"","neve_meta_disable_header":"","neve_meta_disable_footer":"","neve_meta_disable_title":"","_ti_tpc_template_sync":false,"_ti_tpc_template_id":""},"_links":{"self":[{"href":"https:\/\/www.pilimodpilise.com\/en\/index.php\/wp-json\/wp\/v2\/pages\/2"}],"collection":[{"href":"https:\/\/www.pilimodpilise.com\/en\/index.php\/wp-json\/wp\/v2\/pages"}],"about":[{"href":"https:\/\/www.pilimodpilise.com\/en\/index.php\/wp-json\/wp\/v2\/types\/page"}],"author":[{"embeddable":true,"href":"https:\/\/www.pilimodpilise.com\/en\/index.php\/wp-json\/wp\/v2\/users\/1"}],"replies":[{"embeddable":true,"href":"https:\/\/www.pilimodpilise.com\/en\/index.php\/wp-json\/wp\/v2\/comments?post=2"}],"version-history":[{"count":2,"href":"https:\/\/www.pilimodpilise.com\/en\/index.php\/wp-json\/wp\/v2\/pages\/2\/revisions"}],"predecessor-version":[{"id":250,"href":"https:\/\/www.pilimodpilise.com\/en\/index.php\/wp-json\/wp\/v2\/pages\/2\/revisions\/250"}],"wp:attachment":[{"href":"https:\/\/www.pilimodpilise.com\/en\/index.php\/wp-json\/wp\/v2\/media?parent=2"}],"curies":[{"name":"wp","href":"https:\/\/api.w.org\/{rel}","templated":true}]}}