{"id":161,"date":"2020-02-26T09:07:17","date_gmt":"2020-02-26T06:07:17","guid":{"rendered":"https:\/\/demosites.io\/lawyers-gb\/?page_id=161"},"modified":"2021-08-07T12:06:48","modified_gmt":"2021-08-07T09:06:48","slug":"services","status":"publish","type":"page","link":"https:\/\/www.pilimodpilise.com\/en\/index.php\/services\/","title":{"rendered":"Services"},"content":{"rendered":"\n<section class=\"wp-block-themeisle-blocks-advanced-columns alignfull has-1-columns has-desktop-equal-layout has-tablet-equal-layout has-mobile-equal-layout has-nogap-gap has-vertical-flex-start\" id=\"wp-block-themeisle-blocks-advanced-columns-e4373a2b\"><div class=\"wp-block-themeisle-blocks-advanced-columns-overlay\"><\/div><div class=\"innerblocks-wrap\">\n<div class=\"wp-block-themeisle-blocks-advanced-column\" id=\"wp-block-themeisle-blocks-advanced-column-0b9db5af\">\n<section class=\"wp-block-themeisle-blocks-advanced-columns has-2-columns has-desktop-equal-layout has-tablet-equal-layout has-mobile-collapsedRows-layout has-nogap-gap has-vertical-flex-start\" id=\"wp-block-themeisle-blocks-advanced-columns-62d68e08\"><div class=\"wp-block-themeisle-blocks-advanced-columns-overlay\"><\/div><div class=\"innerblocks-wrap\">\n<div class=\"wp-block-themeisle-blocks-advanced-column\" id=\"wp-block-themeisle-blocks-advanced-column-ba020b38\">\n<h2 class=\"has-text-align-left\">SERVICES<\/h2>\n\n\n\n<p class=\"has-text-align-left\"><\/p>\n<\/div>\n\n\n\n<div class=\"wp-block-themeisle-blocks-advanced-column\" id=\"wp-block-themeisle-blocks-advanced-column-6c94b24d\"><\/div>\n<\/div><\/section>\n\n\n\n<section class=\"wp-block-themeisle-blocks-advanced-columns has-3-columns has-desktop-equal-layout has-tablet-equal-layout has-mobile-collapsedRows-layout has-nogap-gap has-vertical-flex-start\" id=\"wp-block-themeisle-blocks-advanced-columns-6fc7adce\"><div class=\"wp-block-themeisle-blocks-advanced-columns-overlay\"><\/div><div class=\"innerblocks-wrap\">\n<div class=\"wp-block-themeisle-blocks-advanced-column\" id=\"wp-block-themeisle-blocks-advanced-column-25e97a9a\">\n<figure class=\"wp-block-image size-large is-style-default\"><img src=\"http:\/\/www.pilimodpilise.com\/wp-content\/uploads\/2021\/07\/baskiliduzpilise.png\" alt=\"\" class=\"wp-image-342\"\/><\/figure>\n\n\n\n<div class=\"wp-block-buttons\">\n<div class=\"wp-block-button is-style-primary\"><a class=\"wp-block-button__link\" href=\"http:\/\/www.pilimodpilise.com\/en\/index.php\/flat-pleat\/\">Flat Pleat<\/a><\/div>\n<\/div>\n<\/div>\n\n\n\n<div class=\"wp-block-themeisle-blocks-advanced-column\" id=\"wp-block-themeisle-blocks-advanced-column-b5b3ad1c\">\n<figure class=\"wp-block-image size-large\"><img src=\"http:\/\/www.pilimodpilise.com\/wp-content\/uploads\/2021\/07\/dikpilise.png\" alt=\"\" class=\"wp-image-344\"\/><\/figure>\n\n\n\n<div class=\"wp-block-buttons\">\n<div class=\"wp-block-button is-style-primary\"><a class=\"wp-block-button__link\" href=\"http:\/\/www.pilimodpilise.com\/en\/index.php\/horny-pleat\/\">Horny PLEAT<\/a><\/div>\n<\/div>\n<\/div>\n\n\n\n<div class=\"wp-block-themeisle-blocks-advanced-column\" id=\"wp-block-themeisle-blocks-advanced-column-6be03cf4\">\n<figure class=\"wp-block-image size-large\"><img src=\"http:\/\/www.pilimodpilise.com\/wp-content\/uploads\/2021\/07\/zigzag-1.png\" alt=\"\" class=\"wp-image-352\"\/><\/figure>\n\n\n\n<div class=\"wp-block-buttons\">\n<div class=\"wp-block-button is-style-primary\"><a class=\"wp-block-button__link\" href=\"http:\/\/www.pilimodpilise.com\/en\/index.php\/zigzag-pleat\/\">z\u0131gzag PLEAT<\/a><\/div>\n<\/div>\n<\/div>\n<\/div><\/section>\n\n\n\n<section class=\"wp-block-themeisle-blocks-advanced-columns has-3-columns has-desktop-equal-layout has-tablet-equal-layout has-mobile-collapsedRows-layout has-nogap-gap has-vertical-flex-start\" id=\"wp-block-themeisle-blocks-advanced-columns-c65ab347\"><div class=\"wp-block-themeisle-blocks-advanced-columns-overlay\"><\/div><div class=\"innerblocks-wrap\">\n<div class=\"wp-block-themeisle-blocks-advanced-column\" id=\"wp-block-themeisle-blocks-advanced-column-24ec1659\">\n<figure class=\"wp-block-image size-large is-style-default\"><img src=\"http:\/\/www.pilimodpilise.com\/wp-content\/uploads\/2021\/07\/buzgupilise-1.png\" alt=\"\" class=\"wp-image-347\"\/><\/figure>\n\n\n\n<div class=\"wp-block-buttons\">\n<div class=\"wp-block-button is-style-primary\"><a class=\"wp-block-button__link\" href=\"http:\/\/www.pilimodpilise.com\/en\/index.php\/shir-pleat\/\">sh\u0131r PLEAT<\/a><\/div>\n<\/div>\n<\/div>\n\n\n\n<div class=\"wp-block-themeisle-blocks-advanced-column\" id=\"wp-block-themeisle-blocks-advanced-column-595b4aa9\">\n<figure class=\"wp-block-image size-large\"><img src=\"http:\/\/www.pilimodpilise.com\/wp-content\/uploads\/2021\/07\/tirnak.png\" alt=\"\" class=\"wp-image-351\"\/><\/figure>\n\n\n\n<div class=\"wp-block-buttons\">\n<div class=\"wp-block-button is-style-primary\"><a class=\"wp-block-button__link\" href=\"http:\/\/www.pilimodpilise.com\/en\/index.php\/nail-pleat\/\">na\u0131l PLEAT<\/a><\/div>\n<\/div>\n<\/div>\n\n\n\n<div class=\"wp-block-themeisle-blocks-advanced-column\" id=\"wp-block-themeisle-blocks-advanced-column-237252c0\">\n<figure class=\"wp-block-image size-large\"><img src=\"http:\/\/www.pilimodpilise.com\/wp-content\/uploads\/2021\/07\/krinkle-pilise-1-e1626532311722.jpg\" alt=\"\" class=\"wp-image-513\"\/><\/figure>\n\n\n\n<div class=\"wp-block-buttons\">\n<div class=\"wp-block-button is-style-primary\"><a class=\"wp-block-button__link\" href=\"http:\/\/www.pilimodpilise.com\/en\/index.php\/crinkle-pleat\/\">Cr\u0131nckle PLEAT<\/a><\/div>\n<\/div>\n<\/div>\n<\/div><\/section>\n\n\n\n<section class=\"wp-block-themeisle-blocks-advanced-columns has-3-columns has-desktop-equal-layout has-tablet-equal-layout has-mobile-collapsedRows-layout has-nogap-gap has-vertical-flex-start\" id=\"wp-block-themeisle-blocks-advanced-columns-889277f6\"><div class=\"wp-block-themeisle-blocks-advanced-columns-overlay\"><\/div><div class=\"innerblocks-wrap\">\n<div class=\"wp-block-themeisle-blocks-advanced-column\" id=\"wp-block-themeisle-blocks-advanced-column-20fb1bde\">\n<figure class=\"wp-block-image size-full is-style-default\"><img src=\"http:\/\/www.pilimodpilise.com\/wp-content\/uploads\/2021\/07\/perde-pilise-1-e1626532760901.jpg\" alt=\"\" class=\"wp-image-520\"\/><\/figure>\n\n\n\n<div class=\"wp-block-buttons\">\n<div class=\"wp-block-button is-style-primary\"><a class=\"wp-block-button__link\" href=\"http:\/\/www.pilimodpilise.com\/en\/index.php\/curtain-pleat\/\">curta\u0131n PLEAT<\/a><\/div>\n<\/div>\n<\/div>\n\n\n\n<div class=\"wp-block-themeisle-blocks-advanced-column\" id=\"wp-block-themeisle-blocks-advanced-column-a3c9ab6a\">\n<figure class=\"wp-block-image size-full\"><img src=\"http:\/\/www.pilimodpilise.com\/wp-content\/uploads\/2021\/07\/plikase.png\" alt=\"\" class=\"wp-image-358\"\/><\/figure>\n\n\n\n<div class=\"wp-block-buttons\">\n<div class=\"wp-block-button is-style-primary\"><a class=\"wp-block-button__link\" href=\"http:\/\/www.pilimodpilise.com\/en\/index.php\/plaid\/\">pla\u0131d<\/a><\/div>\n<\/div>\n<\/div>\n\n\n\n<div class=\"wp-block-themeisle-blocks-advanced-column\" id=\"wp-block-themeisle-blocks-advanced-column-22ee7553\">\n<figure class=\"wp-block-image size-large\"><img src=\"http:\/\/www.pilimodpilise.com\/wp-content\/uploads\/2021\/07\/lazer.png\" alt=\"\" class=\"wp-image-359\"\/><\/figure>\n\n\n\n<div class=\"wp-block-buttons\">\n<div class=\"wp-block-button is-style-primary\"><a class=\"wp-block-button__link\" href=\"http:\/\/www.pilimodpilise.com\/en\/index.php\/laser-cut\/\">laser cut<\/a><\/div>\n<\/div>\n<\/div>\n<\/div><\/section>\n\n\n\n<section class=\"wp-block-themeisle-blocks-advanced-columns has-3-columns has-desktop-equal-layout has-tablet-equal-layout has-mobile-collapsedRows-layout has-nogap-gap has-vertical-flex-start\" id=\"wp-block-themeisle-blocks-advanced-columns-1cef976e\"><div class=\"wp-block-themeisle-blocks-advanced-columns-overlay\"><\/div><div class=\"innerblocks-wrap\">\n<div class=\"wp-block-themeisle-blocks-advanced-column\" id=\"wp-block-themeisle-blocks-advanced-column-0414221f\">\n<figure class=\"wp-block-image size-large is-style-default\"><img src=\"http:\/\/www.pilimodpilise.com\/wp-content\/uploads\/2021\/07\/plisoley.png\" alt=\"\" class=\"wp-image-360\"\/><\/figure>\n\n\n\n<div class=\"wp-block-buttons\">\n<div class=\"wp-block-button is-style-primary\"><a class=\"wp-block-button__link\" href=\"http:\/\/www.pilimodpilise.com\/en\/index.php\/pilisoley-varieties\/\">p\u0131l\u0131soley &amp; var\u0131et\u0131es<\/a><\/div>\n<\/div>\n<\/div>\n\n\n\n<div class=\"wp-block-themeisle-blocks-advanced-column\" id=\"wp-block-themeisle-blocks-advanced-column-59c8dca0\">\n<figure class=\"wp-block-image size-large\"><img src=\"http:\/\/www.pilimodpilise.com\/wp-content\/uploads\/2021\/07\/ozelkalip.png\" alt=\"\" class=\"wp-image-361\"\/><\/figure>\n\n\n\n<div class=\"wp-block-buttons\">\n<div class=\"wp-block-button is-style-primary\"><a class=\"wp-block-button__link\" href=\"http:\/\/www.pilimodpilise.com\/en\/index.php\/special-mold-models\/\">Spec\u0131al Mold Models<\/a><\/div>\n<\/div>\n<\/div>\n\n\n\n<div class=\"wp-block-themeisle-blocks-advanced-column\" id=\"wp-block-themeisle-blocks-advanced-column-e15ad203\">\n<figure class=\"wp-block-image size-large\"><img src=\"http:\/\/www.pilimodpilise.com\/wp-content\/uploads\/2021\/07\/crash.png\" alt=\"\" class=\"wp-image-362\"\/><\/figure>\n\n\n\n<div class=\"wp-block-buttons\">\n<div class=\"wp-block-button is-style-primary\"><a class=\"wp-block-button__link\" href=\"http:\/\/www.pilimodpilise.com\/en\/index.php\/crash-varieties\/\">CRASH &amp; Var\u0131et\u0131es<\/a><\/div>\n<\/div>\n<\/div>\n<\/div><\/section>\n<\/div>\n<\/div><\/section>\n","protected":false},"excerpt":{"rendered":"","protected":false},"author":1,"featured_media":0,"parent":0,"menu_order":0,"comment_status":"closed","ping_status":"closed","template":"page-templates\/template-pagebuilder-full-width.php","meta":{"neve_meta_sidebar":"full-width","neve_meta_container":"","neve_meta_enable_content_width":"on","neve_meta_content_width":100,"neve_meta_title_alignment":"","neve_meta_author_avatar":"","neve_post_elements_order":"","neve_meta_disable_header":"","neve_meta_disable_footer":"","neve_meta_disable_title":"","_ti_tpc_template_sync":false,"_ti_tpc_template_id":"i7tlnq478aqo7lgacppt"},"_links":{"self":[{"href":"https:\/\/www.pilimodpilise.com\/en\/index.php\/wp-json\/wp\/v2\/pages\/161"}],"collection":[{"href":"https:\/\/www.pilimodpilise.com\/en\/index.php\/wp-json\/wp\/v2\/pages"}],"about":[{"href":"https:\/\/www.pilimodpilise.com\/en\/index.php\/wp-json\/wp\/v2\/types\/page"}],"author":[{"embeddable":true,"href":"https:\/\/www.pilimodpilise.com\/en\/index.php\/wp-json\/wp\/v2\/users\/1"}],"replies":[{"embeddable":true,"href":"https:\/\/www.pilimodpilise.com\/en\/index.php\/wp-json\/wp\/v2\/comments?post=161"}],"version-history":[{"count":4,"href":"https:\/\/www.pilimodpilise.com\/en\/index.php\/wp-json\/wp\/v2\/pages\/161\/revisions"}],"predecessor-version":[{"id":439,"href":"https:\/\/www.pilimodpilise.com\/en\/index.php\/wp-json\/wp\/v2\/pages\/161\/revisions\/439"}],"wp:attachment":[{"href":"https:\/\/www.pilimodpilise.com\/en\/index.php\/wp-json\/wp\/v2\/media?parent=161"}],"curies":[{"name":"wp","href":"https:\/\/api.w.org\/{rel}","templated":true}]}}